{"id":90,"date":"2020-08-05T12:38:42","date_gmt":"2020-08-05T16:38:42","guid":{"rendered":"https:\/\/cabartisans.org\/?page_id=90"},"modified":"2022-08-23T14:43:53","modified_gmt":"2022-08-23T18:43:53","slug":"ou-faire-mon-benevolat","status":"publish","type":"page","link":"https:\/\/cabartisans.org\/en\/ou-faire-mon-benevolat\/","title":{"rendered":"Where do I volunteer?"},"content":{"rendered":"<p><strong>Vous \u00eates int\u00e9ress\u00e9s par une&nbsp;implication b\u00e9n\u00e9vole&nbsp;?<\/strong>&nbsp;Un grand choix s&rsquo;offre \u00e0 vous selon vos champs d&rsquo;int\u00e9r\u00eat. Nous vous invitons \u00e0 consulter&nbsp;:&nbsp;<a rel=\"noreferrer noopener\" href=\"https:\/\/cabartisans.org\/wp-content\/uploads\/2020\/09\/Faire-un-choix-eclaire.pdf\" target=\"_blank\">Make an informed choice<\/a>&nbsp;which will guide you in your questioning.<\/p>\n\n\n\n<p class=\"has-black-color has-text-color\">The services offered at&nbsp;<strong>CAB Les Artisans de l\u2019Aide<\/strong>&nbsp;are made possible by a team of dedicated and committed volunteers. Below are all of CAB's volunteer needs.<\/p>\n\n\n\n<h4 class=\"has-black-color has-text-color wp-block-heading\"><br><strong>ACCOMPAGNEMENT<\/strong><\/h4>\n\n\n\n<p class=\"has-black-color has-text-color\"><strong>\u00c9picerie<\/strong><strong><br><\/strong>The role of the volunteer is to accompany the beneficiary in a chosen food market, to read the labels, to help him in his choices and to transport the food to the home. The service can also be accompanied by a visit to a banking institution beforehand.<\/p>\n\n\n\n<p class=\"has-black-color has-text-color\"><strong>Transport m\u00e9dical<br><\/strong>Your role is to accompany the beneficiary during his medical appointment. Care begins when the volunteer picks up the beneficiary until they return home. It is also possible for the beneficiary to be accompanied to the pharmacy, following the medical appointment. The volunteer is reimbursed for the use of their vehicle at a rate per km determined monthly by the board of directors.<\/p>\n\n\n\n<h4 class=\"has-black-color has-text-color wp-block-heading\"><br><strong>ACCUEIL ET R\u00c9F\u00c9RENCE<\/strong><\/h4>\n\n\n\n<p class=\"has-black-color has-text-color\">Telephone reception from <em>Centre d\u2019Action b\u00e9n\u00e9vole<\/em> est effectu\u00e9e par des b\u00e9n\u00e9voles, selon un horaire de demi-journ\u00e9es (8 h \u00e0 midi ou de 13 h \u00e0 16 h). La t\u00e2che consiste \u00e0 la prise d\u2019appels, \u00e0 la r\u00e9f\u00e9rence des appels aux employ\u00e9es ou aux organismes selon la sp\u00e9cificit\u00e9 de la demande et des besoins.<\/p>\n\n\n\n<h4 class=\"has-black-color has-text-color wp-block-heading\"><br><strong>AIDE AUX FORMULAIRES<\/strong><\/h4>\n\n\n\n<p class=\"has-black-color has-text-color\">Volunteers provide assistance to beneficiaries to complete forms from municipal, provincial or federal authorities. Volunteers can perform this task at the office of the <em>Centre d\u2019Action b\u00e9n\u00e9vole<\/em> or at home if the beneficiaries cannot travel.<\/p>\n\n\n\n<p class=\"has-black-color has-text-color\">Exclusion&nbsp;: rapports d\u2019imp\u00f4t<\/p>\n\n\n\n<h4 class=\"has-black-color has-text-color wp-block-heading\"><br><strong><strong>D\u00ceNER COMMUNAUTAIRE<\/strong><\/strong><\/h4>\n\n\n\n<p class=\"has-black-color has-text-color\">Deux mercredis par mois, a lieu au <em>Centre d\u2019Action b\u00e9n\u00e9vole<\/em>, a community dinner prepared and hosted by our volunteers, to allow isolated or lonely people to go out, discuss, forge new links and thus maintain a social network.&nbsp;<\/p>\n\n\n\n<p class=\"has-black-color has-text-color\"><strong>Il y a 3 cat\u00e9gories de b\u00e9n\u00e9volat pour ce service :<\/strong><br><br><strong>Cuisine <\/strong>: pr\u00e9paration et service du repas et au nettoyage de la cuisine. Les b\u00e9n\u00e9vole arrivent vers 8h pour quitter vers 14h.<\/p>\n\n\n\n<p class=\"has-black-color has-text-color\"><strong>Transport:<\/strong>&nbsp;aller chercher la client\u00e8le au domicile et la reconduire une fois le d\u00eener termin\u00e9. Le transport se fait \u00e0 l\u2019aide du v\u00e9hicule du b\u00e9n\u00e9vole et celui-ci est rembours\u00e9 pour l\u2019utilisation de son v\u00e9hicule selon un taux au km d\u00e9termin\u00e9 mensuellement par le conseil d\u2019administration. Le b\u00e9n\u00e9vole commence vers 10h et quitte vers 15h.<br><strong>Animation :<\/strong>&nbsp;pr\u00e9parer pr\u00e9alablement des animations pour les b\u00e9n\u00e9ficiaires, les accueillir \u00e0 leur arriv\u00e9e. Les b\u00e9n\u00e9voles arrivent vers 10h pour quitter vers 14h30.<\/p>\n\n\n\n<h4 class=\"has-black-color has-text-color wp-block-heading\"><br><strong><strong>POPOTE ROULANTE<\/strong><\/strong><\/h4>\n\n\n\n<p><strong>Two categories of volunteering are available to you<\/strong><\/p>\n\n\n\n<p class=\"has-black-color has-text-color\"><strong>Help with meal preparation<\/strong>&nbsp;du d\u00eener (soupe, plat principal et dessert) avec l\u2019aide du cuisinier sur place. Mise en contenants pour la livraison. De 7h30 \u00e0 11h ou de 12h30 \u00e0 14h30 les lundis, mardis, jeudis et vendredis.<\/p>\n\n\n\n<p class=\"has-black-color has-text-color\"><strong>Livraison \u00e0 domicile&nbsp;avec chauffeur et baladeur<\/strong>:<\/p>\n\n\n\n<p class=\"has-black-color has-text-color\"><strong>Le chauffeur<\/strong> utilise son v\u00e9hicule et est rembours\u00e9 pour l\u2019utilisation de celui-ci, selon la route assign\u00e9e.<\/p>\n\n\n\n<p class=\"has-black-color has-text-color\"><strong>Le baladeur <\/strong>est responsable de livrer le repas \u00e0 la porte du b\u00e9n\u00e9ficiaire et de recevoir le paiement, s\u2019il y a lieu, en argent ou par ch\u00e8que dans une enveloppe adress\u00e9e \u00e0 son nom et par carte de d\u00e9bit (<em>Interac<\/em>) avec le terminal de paiement (\u00e0 venir). <\/p>\n\n\n\n<p class=\"has-black-color has-text-color\">Le b\u00e9n\u00e9vole doit poss\u00e9der un t\u00e9l\u00e9phone cellulaire intelligent. Les b\u00e9n\u00e9voles arrivent vers 9h45 et quittent vers midi.<\/p>\n\n\n\n<h4 class=\"has-black-color has-text-color wp-block-heading\"><br>CHA\u00ceNE AUX A\u00ceN\u00c9S<\/h4>\n\n\n\n<h5 class=\"has-black-color has-text-color wp-block-heading\"><strong>Appels t\u00e9l\u00e9phonique et visites&nbsp;amicales<\/strong><\/h5>\n\n\n\n<p class=\"has-black-color has-text-color\">Le r\u00f4le du b\u00e9n\u00e9vole est d\u2019apporter un soutien amical afin de briser l\u2019isolement social. Les appels et visites amicales se font au domicile de la client\u00e8le sur une base hebdomadaire fix\u00e9e selon une entente entre la coordonnatrice du service, le b\u00e9n\u00e9vole et la client\u00e8le.<\/p>\n\n\n\n<p class=\"has-black-color has-text-color\">The person in charge of the service makes an appropriate volunteer \/ beneficiary match in order to bring them together around similar interests (walking, cycling, reading, hobbies, animals, profession, etc.).<\/p>\n\n\n\n<p class=\"has-black-color has-text-color\"><em>Are you interested in another clientele? We can direct you to an organization in the region that can meet your expectations.<\/em><\/p>\n\n\n\n<p><\/p>\n\n\n\n<p>You are interested in a&nbsp;<strong>volunteer involvement&nbsp;<\/strong>? Inscrivez-vous:&nbsp;<a href=\"https:\/\/cabartisans.org\/en\/devenir-benevole-2\/\">Je veux \u00eatre b\u00e9n\u00e9vole<\/a><\/p>\n\n\n\n<div class=\"wp-block-file\"><a id=\"wp-block-file--media-29e8e05d-df91-425f-8b0b-6032e73f768c\" href=\"https:\/\/cabartisans.org\/wp-content\/uploads\/2022\/08\/Guide-du-benevole-2021.pdf\">Guide du b\u00e9n\u00e9vole<\/a><a href=\"https:\/\/cabartisans.org\/wp-content\/uploads\/2022\/08\/Guide-du-benevole-2021.pdf\" class=\"wp-block-file__button\" download aria-describedby=\"wp-block-file--media-29e8e05d-df91-425f-8b0b-6032e73f768c\">T\u00e9l\u00e9charger<\/a><\/div>\n\n\n\n<div class=\"wp-block-file\"><a id=\"wp-block-file--media-3bb9df44-dbbd-442d-abdc-15cf6bc8f5b0\" href=\"https:\/\/cabartisans.org\/wp-content\/uploads\/2022\/08\/Code_ethique_-benevoles.pdf\">Code d&rsquo;\u00e9thique des b\u00e9n\u00e9voles<\/a><a href=\"https:\/\/cabartisans.org\/wp-content\/uploads\/2022\/08\/Code_ethique_-benevoles.pdf\" class=\"wp-block-file__button\" download aria-describedby=\"wp-block-file--media-3bb9df44-dbbd-442d-abdc-15cf6bc8f5b0\">T\u00e9l\u00e9charger<\/a><\/div>","protected":false},"excerpt":{"rendered":"<p>Vous \u00eates int\u00e9ress\u00e9s par une&nbsp;implication b\u00e9n\u00e9vole&nbsp;?&nbsp;Un grand choix s&rsquo;offre \u00e0 vous selon vos champs d&rsquo;int\u00e9r\u00eat. Nous vous invitons \u00e0 consulter&nbsp;:&nbsp;Faire mon choix \u00e9clair\u00e9&nbsp;qui vous guidera dans votre questionnement. Les services offerts au&nbsp;CAB Les Artisans de l&rsquo;Aide&nbsp;sont rendus possible gr\u00e2ce \u00e0 une \u00e9quipe de b\u00e9n\u00e9voles d\u00e9vou\u00e9s et engag\u00e9s.&nbsp;Vous trouverez ci-dessous tous [&hellip;]<\/p>","protected":false},"author":1,"featured_media":0,"parent":0,"menu_order":0,"comment_status":"closed","ping_status":"closed","template":"","meta":{"_monsterinsights_skip_tracking":false,"_monsterinsights_sitenote_active":false,"_monsterinsights_sitenote_note":"","_monsterinsights_sitenote_category":0,"footnotes":""},"_links":{"self":[{"href":"https:\/\/cabartisans.org\/en\/wp-json\/wp\/v2\/pages\/90"}],"collection":[{"href":"https:\/\/cabartisans.org\/en\/wp-json\/wp\/v2\/pages"}],"about":[{"href":"https:\/\/cabartisans.org\/en\/wp-json\/wp\/v2\/types\/page"}],"author":[{"embeddable":true,"href":"https:\/\/cabartisans.org\/en\/wp-json\/wp\/v2\/users\/1"}],"replies":[{"embeddable":true,"href":"https:\/\/cabartisans.org\/en\/wp-json\/wp\/v2\/comments?post=90"}],"version-history":[{"count":42,"href":"https:\/\/cabartisans.org\/en\/wp-json\/wp\/v2\/pages\/90\/revisions"}],"predecessor-version":[{"id":1478,"href":"https:\/\/cabartisans.org\/en\/wp-json\/wp\/v2\/pages\/90\/revisions\/1478"}],"wp:attachment":[{"href":"https:\/\/cabartisans.org\/en\/wp-json\/wp\/v2\/media?parent=90"}],"curies":[{"name":"wp","href":"https:\/\/api.w.org\/{rel}","templated":true}]}}