{"id":89,"date":"2020-08-05T12:38:42","date_gmt":"2020-08-05T16:38:42","guid":{"rendered":"https:\/\/cabartisans.org\/?page_id=89"},"modified":"2020-09-03T16:44:34","modified_gmt":"2020-09-03T20:44:34","slug":"historique-du-benevolat","status":"publish","type":"page","link":"https:\/\/cabartisans.org\/en\/historique-du-benevolat\/","title":{"rendered":"History of volunteering"},"content":{"rendered":"<p>Au Qu\u00e9bec, le b\u00e9n\u00e9volat rev\u00eat diverses formes &#8211;&nbsp;Organisation et supervision d\u2019\u00e9v\u00e9nements, poste au sein d\u2019un conseil d\u2019administration, porte-\u00e0-porte pour recueillir des fonds, prestation de soins ou d\u2019aide.<\/p>\n\n\n\n<p>Selon Statistique Canada (2013), pr\u00e8s de 13 millions de Canadiennes et Canadien \u00e2g\u00e9s ont fait du b\u00e9n\u00e9volat, c\u2019est un taux de 44 %. Ces personnes ont contribu\u00e9, au cours de l\u2019ann\u00e9e 2013, pour 1,96 milliards d\u2019heures et ces heures repr\u00e9senteraient 1 million d\u2019emplois \u00e0 temps plein !<\/p>\n\n\n\n<p>See : <a href=\"https:\/\/cabartisans.org\/wp-content\/uploads\/2020\/09\/Les-debuts-du-benevolat-au-Quebec.docx\">The beginning of volunteering in Quebec<\/a><\/p>\n\n\n\n<p>The average number of hours offered tends to increase from the age of 45, for&nbsp;<strong>reach a maximum in people aged 65 to 74 years.<\/strong><\/p>\n\n\n\n<div class=\"wp-block-image\"><figure class=\"aligncenter size-large is-resized\"><img loading=\"lazy\" decoding=\"async\" src=\"https:\/\/cabartisans.org\/wp-content\/uploads\/2020\/09\/Tranche-age-benevolat.jpg\" alt=\"\" class=\"wp-image-681\" width=\"270\" height=\"316\"\/><\/figure><\/div>\n\n\n\n<div class=\"wp-block-image\"><figure class=\"aligncenter size-large\"><img loading=\"lazy\" decoding=\"async\" width=\"490\" height=\"230\" src=\"https:\/\/cabartisans.org\/wp-content\/uploads\/2020\/09\/Graph-Benevolat.gif\" alt=\"Graph Benevolat au Quebec entre 0 et 41h+\" class=\"wp-image-460\"\/><\/figure><\/div>\n\n\n\n<div style=\"height:25px\" aria-hidden=\"true\" class=\"wp-block-spacer\"><\/div>\n\n\n\n<p>Other data concerning volunteering in Quebec are published in the research report:<\/p>\n\n\n\n<p><a rel=\"noreferrer noopener\" href=\"https:\/\/www.rabq.ca\/benevolat-en-chiffres.php\" target=\"_blank\">Portrait of volunteers and volunteering<\/a>&nbsp;from which these statistics are taken.<\/p>\n\n\n\n<div style=\"height:65px\" aria-hidden=\"true\" class=\"wp-block-spacer\"><\/div>","protected":false},"excerpt":{"rendered":"<p>Au Qu\u00e9bec, le b\u00e9n\u00e9volat rev\u00eat diverses formes &#8211;&nbsp;Organisation et supervision d\u2019\u00e9v\u00e9nements, poste au sein d\u2019un conseil d\u2019administration, porte-\u00e0-porte pour recueillir des fonds, prestation de soins ou d\u2019aide. Selon Statistique Canada (2013), pr\u00e8s de 13 millions de Canadiennes et Canadien \u00e2g\u00e9s ont fait du b\u00e9n\u00e9volat, c\u2019est un taux de 44 %. [&hellip;]<\/p>","protected":false},"author":1,"featured_media":0,"parent":0,"menu_order":0,"comment_status":"closed","ping_status":"closed","template":"","meta":{"_monsterinsights_skip_tracking":false,"_monsterinsights_sitenote_active":false,"_monsterinsights_sitenote_note":"","_monsterinsights_sitenote_category":0,"footnotes":""},"_links":{"self":[{"href":"https:\/\/cabartisans.org\/en\/wp-json\/wp\/v2\/pages\/89"}],"collection":[{"href":"https:\/\/cabartisans.org\/en\/wp-json\/wp\/v2\/pages"}],"about":[{"href":"https:\/\/cabartisans.org\/en\/wp-json\/wp\/v2\/types\/page"}],"author":[{"embeddable":true,"href":"https:\/\/cabartisans.org\/en\/wp-json\/wp\/v2\/users\/1"}],"replies":[{"embeddable":true,"href":"https:\/\/cabartisans.org\/en\/wp-json\/wp\/v2\/comments?post=89"}],"version-history":[{"count":22,"href":"https:\/\/cabartisans.org\/en\/wp-json\/wp\/v2\/pages\/89\/revisions"}],"predecessor-version":[{"id":685,"href":"https:\/\/cabartisans.org\/en\/wp-json\/wp\/v2\/pages\/89\/revisions\/685"}],"wp:attachment":[{"href":"https:\/\/cabartisans.org\/en\/wp-json\/wp\/v2\/media?parent=89"}],"curies":[{"name":"wp","href":"https:\/\/api.w.org\/{rel}","templated":true}]}}