{"id":88,"date":"2020-08-05T12:38:42","date_gmt":"2020-08-05T16:38:42","guid":{"rendered":"https:\/\/cabartisans.org\/?page_id=88"},"modified":"2022-01-05T14:53:06","modified_gmt":"2022-01-05T19:53:06","slug":"devenir-benevole","status":"publish","type":"page","link":"https:\/\/cabartisans.org\/en\/devenir-benevole\/","title":{"rendered":"Become a volunteer"},"content":{"rendered":"<p class=\"has-text-align-center has-header-gradient-color has-text-color\">Pour vous aider \u00e0&nbsp;<strong>trouver un sens \u00e0 votre vie<\/strong>\u2026 faites du b\u00e9n\u00e9volat.<br>Ghandi, un grand leader et pacifiste Indien, nous rappelle que :<\/p>\n\n\n\n<p class=\"has-text-align-center has-header-gradient-color has-text-color\"><em>\u00ab La meilleure fa\u00e7on d\u2019\u00eatre soi-m\u00eame, c\u2019est de s\u2019oublier au service des autres \u00bb<\/em><\/p>\n\n\n\n<p class=\"has-black-color has-text-color\">Faire du b\u00e9n\u00e9volat, c\u2019est l\u2019occasion de&nbsp;<strong>faire ce qu\u2019on aime<\/strong>&nbsp;au lieu de faire ce qu\u2019on doit.&nbsp;Vous pouvez d\u00e9couvrir toute une autre facette de votre vie&nbsp;<br>en donnant de votre temps pour&nbsp;<strong>aider \u00e0 une cause<\/strong>.<\/p>\n\n\n\n<p class=\"has-black-color has-text-color\">Vous pouvez aider des gens en faisant du b\u00e9n\u00e9volat. Vos journ\u00e9es peuvent \u00eatre remplies de nombreuses activit\u00e9s int\u00e9ressantes et humanitaires qui vous permettront de rencontrer des gens g\u00e9n\u00e9reux comme vous. Le salaire que vous recevez, c\u2019est le sourire et la gratitude des gens que vous allez toucher.<\/p>\n\n\n\n<p class=\"has-black-color has-text-color\">Si vous cherchez vraiment \u00e0 vous valoriser en vous disant \u00ab je suis ce que je fais \u00bb, alors dites-vous \u00ab je suis b\u00e9n\u00e9vole et je fais toute la diff\u00e9rence dans ma communaut\u00e9 ! \u00bb.<\/p>\n\n\n\n<p class=\"has-black-color has-text-color\"><br><strong>Avantage \u00e0 faire du b\u00e9n\u00e9volat<\/strong><\/p>\n\n\n\n<p class=\"has-black-color has-text-color\">En 2018, le rapport du \u00ab <em>Conference Board<\/em> \u00bb du Canada sur la valeur du b\u00e9n\u00e9volat a permis de prendre connaissance que:<\/p>\n\n\n\n<ul><li><em>90 % des b\u00e9n\u00e9voles mentionnent qu\u2019ils d\u00e9sirent contribuer positivement \u00e0 leur collectivit\u00e9.<\/em><\/li><li><em>80 % des b\u00e9n\u00e9voles mentionnent la possibilit\u00e9 de mettre \u00e0 profit leurs comp\u00e9tences et leur exp\u00e9rience<\/em><\/li><li><em>80 % mentionnent que le fait d\u2019avoir des amis b\u00e9n\u00e9voles constituait un autre facteur important de s\u2019impliquer<\/em><\/li><\/ul>\n\n\n\n<p class=\"has-black-color has-text-color\"><br><strong>Sant\u00e9 des b\u00e9n\u00e9voles<\/strong><\/p>\n\n\n\n<p class=\"has-black-color has-text-color\">La professeur Rachel Casiday de l\u2019universit\u00e9 de Stanford a proc\u00e9d\u00e9 \u00e0 une revue de nombreuses \u00e9tudes portant sur cette question et de fa\u00e7on g\u00e9n\u00e9rale elle a conclu que le b\u00e9n\u00e9volat avait une incidence positive sur la sant\u00e9 des b\u00e9n\u00e9voles. L&rsquo;am\u00e9liorations sur le plan de la mortalit\u00e9, de la sant\u00e9 mentale et de la satisfaction personnelle \u00e9taient \u00e9troitement li\u00e9es \u00e0 la participation \u00e0 des activit\u00e9s b\u00e9n\u00e9voles.<\/p>\n\n\n\n<p><a href=\"https:\/\/cabartisans.org\/wp-content\/uploads\/2020\/09\/Avantages-benevolat.pdf\" target=\"_blank\" rel=\"noreferrer noopener\">Read More<\/a><\/p>\n\n\n\n<div style=\"height:65px\" aria-hidden=\"true\" class=\"wp-block-spacer\"><\/div>","protected":false},"excerpt":{"rendered":"<p>Pour vous aider \u00e0&nbsp;trouver un sens \u00e0 votre vie\u2026 faites du b\u00e9n\u00e9volat.Ghandi, un grand leader et pacifiste Indien, nous rappelle que : \u00ab La meilleure fa\u00e7on d\u2019\u00eatre soi-m\u00eame, c\u2019est de s\u2019oublier au service des autres \u00bb Faire du b\u00e9n\u00e9volat, c\u2019est l\u2019occasion de&nbsp;faire ce qu\u2019on aime&nbsp;au lieu de faire ce qu\u2019on [&hellip;]<\/p>","protected":false},"author":1,"featured_media":0,"parent":0,"menu_order":0,"comment_status":"closed","ping_status":"closed","template":"","meta":{"_monsterinsights_skip_tracking":false,"_monsterinsights_sitenote_active":false,"_monsterinsights_sitenote_note":"","_monsterinsights_sitenote_category":0,"footnotes":""},"_links":{"self":[{"href":"https:\/\/cabartisans.org\/en\/wp-json\/wp\/v2\/pages\/88"}],"collection":[{"href":"https:\/\/cabartisans.org\/en\/wp-json\/wp\/v2\/pages"}],"about":[{"href":"https:\/\/cabartisans.org\/en\/wp-json\/wp\/v2\/types\/page"}],"author":[{"embeddable":true,"href":"https:\/\/cabartisans.org\/en\/wp-json\/wp\/v2\/users\/1"}],"replies":[{"embeddable":true,"href":"https:\/\/cabartisans.org\/en\/wp-json\/wp\/v2\/comments?post=88"}],"version-history":[{"count":7,"href":"https:\/\/cabartisans.org\/en\/wp-json\/wp\/v2\/pages\/88\/revisions"}],"predecessor-version":[{"id":791,"href":"https:\/\/cabartisans.org\/en\/wp-json\/wp\/v2\/pages\/88\/revisions\/791"}],"wp:attachment":[{"href":"https:\/\/cabartisans.org\/en\/wp-json\/wp\/v2\/media?parent=88"}],"curies":[{"name":"wp","href":"https:\/\/api.w.org\/{rel}","templated":true}]}}