{"id":86,"date":"2020-08-05T12:38:42","date_gmt":"2020-08-05T16:38:42","guid":{"rendered":"https:\/\/cabartisans.org\/?page_id=86"},"modified":"2020-09-04T09:58:34","modified_gmt":"2020-09-04T13:58:34","slug":"soutien-aux-organismes","status":"publish","type":"page","link":"https:\/\/cabartisans.org\/en\/soutien-aux-organismes\/","title":{"rendered":"Support for organizations"},"content":{"rendered":"<p class=\"has-black-color has-text-color\"><em><strong>Les cl\u00e9s d&rsquo;une communaut\u00e9 en sant\u00e9&nbsp;: repr\u00e9sentations, concertations et partenariat.<\/strong><\/em><\/p>\n\n\n\n<p class=\"has-black-color has-text-color\">Un dos objectifs est d\u2019offrir du support aux organismes communautaires de notre territoire. Comme leader poss\u00e9dant une expertise en mati\u00e8re de promotion de l\u2019action b\u00e9n\u00e9vole, nous sommes en mesure d\u2019apporter notre soutien aux organismes du milieu.<\/p>\n\n\n\n<p class=\"has-black-color has-text-color\"><strong>Our actions are carried out at 4 levels:<\/strong><\/p>\n\n\n<ul aria-label=\"Write list\u2026\" role=\"textbox\" aria-multiline=\"true\" class=\"block-editor-block-list__block wp-block is-selected rich-text block-editor-rich-text__editable wp-block\" contenteditable=\"true\" id=\"block-c180a219-b5ee-4411-af40-097ee8f77e28\" data-block=\"c180a219-b5ee-4411-af40-097ee8f77e28\" data-type=\"core\/list\" data-title=\"List\" tabindex=\"0\">\n<li><span style=\"color: #000000;\">Welcome and guide volunteers to local organizations.<\/span><\/li>\n<li><span style=\"color: #000000;\">Support and carry out training adapted to volunteers and to good practices in the responsible management of volunteers.<\/span><\/li>\n<li><span style=\"color: #000000;\">Organize, participate and support consultations in order to identify the needs of the community.<\/span><\/li>\n<\/ul>\n\n\n<div style=\"height:65px\" aria-hidden=\"true\" class=\"wp-block-spacer\"><\/div>\n\n\n\n<p><\/p>","protected":false},"excerpt":{"rendered":"<p>Les cl\u00e9s d&rsquo;une communaut\u00e9 en sant\u00e9&nbsp;: repr\u00e9sentations, concertations et partenariat. Un dos objectifs est d\u2019offrir du support aux organismes communautaires de notre territoire. Comme leader poss\u00e9dant une expertise en mati\u00e8re de promotion de l\u2019action b\u00e9n\u00e9vole, nous sommes en mesure d\u2019apporter notre soutien aux organismes du milieu. Nos actions s\u2019effectuent \u00e0 [&hellip;]<\/p>","protected":false},"author":1,"featured_media":0,"parent":0,"menu_order":0,"comment_status":"closed","ping_status":"closed","template":"","meta":{"_monsterinsights_skip_tracking":false,"_monsterinsights_sitenote_active":false,"_monsterinsights_sitenote_note":"","_monsterinsights_sitenote_category":0,"footnotes":""},"_links":{"self":[{"href":"https:\/\/cabartisans.org\/en\/wp-json\/wp\/v2\/pages\/86"}],"collection":[{"href":"https:\/\/cabartisans.org\/en\/wp-json\/wp\/v2\/pages"}],"about":[{"href":"https:\/\/cabartisans.org\/en\/wp-json\/wp\/v2\/types\/page"}],"author":[{"embeddable":true,"href":"https:\/\/cabartisans.org\/en\/wp-json\/wp\/v2\/users\/1"}],"replies":[{"embeddable":true,"href":"https:\/\/cabartisans.org\/en\/wp-json\/wp\/v2\/comments?post=86"}],"version-history":[{"count":3,"href":"https:\/\/cabartisans.org\/en\/wp-json\/wp\/v2\/pages\/86\/revisions"}],"predecessor-version":[{"id":724,"href":"https:\/\/cabartisans.org\/en\/wp-json\/wp\/v2\/pages\/86\/revisions\/724"}],"wp:attachment":[{"href":"https:\/\/cabartisans.org\/en\/wp-json\/wp\/v2\/media?parent=86"}],"curies":[{"name":"wp","href":"https:\/\/api.w.org\/{rel}","templated":true}]}}