{"id":85,"date":"2020-08-05T12:38:42","date_gmt":"2020-08-05T16:38:42","guid":{"rendered":"https:\/\/cabartisans.org\/?page_id=85"},"modified":"2025-08-08T11:35:23","modified_gmt":"2025-08-08T15:35:23","slug":"tricotez-au-suivant","status":"publish","type":"page","link":"https:\/\/cabartisans.org\/en\/tricotez-au-suivant\/","title":{"rendered":"Knitting and socializing"},"content":{"rendered":"<p class=\"has-black-color has-text-color\"><strong>DES TRICOTEUSES ACTIVES&nbsp;!<\/strong><br><br>Vous aimez tricoter, joignez-vous \u00e0 nos tricoteuses&nbsp;!<\/p>\n\n\n\n<p class=\"has-black-color has-text-color\">Les b\u00e9n\u00e9voles se rencontrent \u00e0 chaque mois pour \u00e9changer, socialiser et bien entendu tricoter ensemble. Elles confectionnent des pantoufles, des foulards, des mitaines, des tuques, des bas de laine et des couvertures pour b\u00e9b\u00e9s qui sont remis \u00e0 des organismes ou \u00e0 des familles afin de combler des besoins particuliers.&nbsp;<\/p>\n\n\n\n<p class=\"has-black-color has-text-color\"><strong>Nous sommes toujours \u00e0 la recherche de balles de laine<\/strong>. N&rsquo;h\u00e9sitez pas \u00e0 venir les d\u00e9poser \u00e0 la r\u00e9ception du CAB Les Artisans de l&rsquo;Aide durant les heures d&rsquo;ouverture soit de 8 h \u00e0 16 h.<\/p>\n\n\n\n<p>Contact us at\u00a0<strong>450.472.9540<\/strong>\u00a0poste 1232 ou par\u00a0\u00e0 <a href=\"mailto:jtremblay@cabartisans.org\" target=\"_blank\" rel=\"noreferrer noopener\">alefebvre@cabartisans.org<\/a><\/p>\n\n\n\n<div style=\"height:65px\" aria-hidden=\"true\" class=\"wp-block-spacer\"><\/div>","protected":false},"excerpt":{"rendered":"<p>DES TRICOTEUSES ACTIVES&nbsp;! Vous aimez tricoter, joignez-vous \u00e0 nos tricoteuses&nbsp;! Les b\u00e9n\u00e9voles se rencontrent \u00e0 chaque mois pour \u00e9changer, socialiser et bien entendu tricoter ensemble. Elles confectionnent des pantoufles, des foulards, des mitaines, des tuques, des bas de laine et des couvertures pour b\u00e9b\u00e9s qui sont remis \u00e0 des organismes [&hellip;]<\/p>","protected":false},"author":1,"featured_media":0,"parent":0,"menu_order":0,"comment_status":"closed","ping_status":"closed","template":"","meta":{"_monsterinsights_skip_tracking":false,"_monsterinsights_sitenote_active":false,"_monsterinsights_sitenote_note":"","_monsterinsights_sitenote_category":0,"footnotes":""},"_links":{"self":[{"href":"https:\/\/cabartisans.org\/en\/wp-json\/wp\/v2\/pages\/85"}],"collection":[{"href":"https:\/\/cabartisans.org\/en\/wp-json\/wp\/v2\/pages"}],"about":[{"href":"https:\/\/cabartisans.org\/en\/wp-json\/wp\/v2\/types\/page"}],"author":[{"embeddable":true,"href":"https:\/\/cabartisans.org\/en\/wp-json\/wp\/v2\/users\/1"}],"replies":[{"embeddable":true,"href":"https:\/\/cabartisans.org\/en\/wp-json\/wp\/v2\/comments?post=85"}],"version-history":[{"count":5,"href":"https:\/\/cabartisans.org\/en\/wp-json\/wp\/v2\/pages\/85\/revisions"}],"predecessor-version":[{"id":1756,"href":"https:\/\/cabartisans.org\/en\/wp-json\/wp\/v2\/pages\/85\/revisions\/1756"}],"wp:attachment":[{"href":"https:\/\/cabartisans.org\/en\/wp-json\/wp\/v2\/media?parent=85"}],"curies":[{"name":"wp","href":"https:\/\/api.w.org\/{rel}","templated":true}]}}