{"id":79,"date":"2020-08-05T12:18:00","date_gmt":"2020-08-05T16:18:00","guid":{"rendered":"https:\/\/cabartisans.org\/?page_id=79"},"modified":"2024-03-19T13:47:39","modified_gmt":"2024-03-19T17:47:39","slug":"proches-aidants","status":"publish","type":"page","link":"https:\/\/cabartisans.org\/en\/proches-aidants\/","title":{"rendered":"Caregivers"},"content":{"rendered":"<p><a href=\"https:\/\/cabartisans.org\/wp-content\/uploads\/2024\/03\/PAA.pdf\" target=\"_blank\" rel=\"noreferrer noopener\">FORMULAIRE DE DEMANDE DE SERVICE<\/a><\/p>\n\n\n\n<p><a href=\"https:\/\/cabartisans.org\/wp-content\/uploads\/2024\/03\/CES_REQUETE.pdf\" target=\"_blank\" rel=\"noreferrer noopener\">FORMULAIRE DE DEMANDE DE SERVICE POUR LE CH\u00c8QUE EMPLOI SERVICE (CES)<\/a><\/p>\n\n\n\n<div class=\"wp-block-columns is-layout-flex wp-container-core-columns-layout-1 wp-block-columns-is-layout-flex\">\n<div class=\"wp-block-column is-layout-flow wp-block-column-is-layout-flow\">\n<p class=\"has-black-color has-text-color\">Vous offrez du soutien \u00e0 un proche en perte d\u2019autonomie li\u00e9e au vieillissement ? Vous \u00eates un proche aidant d\u2019a\u00een\u00e9 !<\/p>\n\n\n\n<p class=\"has-black-color has-text-color\">Souvent, les proches aidants ne se reconnaissent pas comme tel. La plupart sont h\u00e9sitants \u00e0 demander de l\u2019aide ou ne savent tout simplement pas qu\u2019ils peuvent en recevoir. Pourtant, le r\u00f4le de proche aidant am\u00e8ne plusieurs d\u00e9fis et de nombreuses t\u00e2ches. Il est donc l\u00e9gitime d\u2019avoir des besoins et de demander de l\u2019aide.<\/p>\n<\/div>\n\n\n\n<div class=\"wp-block-column is-vertically-aligned-center is-layout-flow wp-block-column-is-layout-flow\"><div class=\"wp-block-image\">\n<figure class=\"aligncenter size-medium\"><a href=\"https:\/\/www.lappui.org\/\"><img loading=\"lazy\" decoding=\"async\" width=\"300\" height=\"193\" src=\"https:\/\/cabartisans.org\/wp-content\/uploads\/2022\/03\/appui_logo-300x193.jpg\" alt=\"\" class=\"wp-image-1310\" srcset=\"https:\/\/cabartisans.org\/wp-content\/uploads\/2022\/03\/appui_logo-300x193.jpg 300w, https:\/\/cabartisans.org\/wp-content\/uploads\/2022\/03\/appui_logo-1024x660.jpg 1024w, https:\/\/cabartisans.org\/wp-content\/uploads\/2022\/03\/appui_logo-768x495.jpg 768w, https:\/\/cabartisans.org\/wp-content\/uploads\/2022\/03\/appui_logo-1536x990.jpg 1536w, https:\/\/cabartisans.org\/wp-content\/uploads\/2022\/03\/appui_logo-18x12.jpg 18w, https:\/\/cabartisans.org\/wp-content\/uploads\/2022\/03\/appui_logo.jpg 2000w\" sizes=\"(max-width: 300px) 100vw, 300px\" \/><\/a><figcaption class=\"wp-element-caption\">        <strong><\/strong><center><strong> Ce projet est rendu possible <\/strong><br><strong>gr\u00e2ce \u00e0 L&rsquo;APPUI<\/strong><\/center><\/figcaption><\/figure><\/div><\/div>\n<\/div>\n\n\n\n<p class=\"has-black-color has-text-color\">With the aim of preventing burnout and maintaining your quality of life as much as possible, we offer you a warm welcome, listening, support, guidance, information and referrals.<\/p>\n\n\n\n<p class=\"has-black-color has-text-color\">Our services are intended for caregivers of seniors in our territory (see the bottom of the page).<\/p>\n\n\n\n<p class=\"has-black-color has-text-color\">We understand by caregiver of the elder: any person who provides significant support, continuous or occasional, on a non-professional basis, to a person aged 65 and over with a loss of autonomy related to aging (mobility problems, neurocognitive disorders , Alzheimer's disease, Parkinson's, etc.).<\/p>\n\n\n\n<p class=\"has-black-color has-text-color\">For more information or to register for one of our services, contact our social worker dedicated to caregivers of seniors:&nbsp;<\/p>\n\n\n\n<p class=\"has-black-color has-text-color\">C\u00e9cile Abel<br>Social worker in support of caregivers of seniors<\/p>\n\n\n\n<p><strong>450\u00a0472-9540<\/strong> poste 229<br><a href=\"mailto:cabel@cabartisans.org\">cabel@cabartisans.org<\/a><br>Confidential and professional services.<\/p>\n\n\n\n<p class=\"has-black-color has-text-color\"><br><strong>We can offer you:<\/strong><\/p>\n\n\n\n<ul>\n<li><a href=\"https:\/\/cabartisans.org\/wp-content\/uploads\/2020\/09\/Section-proches-aidants-Soutien-psychosocial.pdf\">Individual or family psychosocial support<\/a><\/li>\n\n\n\n<li><a href=\"https:\/\/cabartisans.org\/wp-content\/uploads\/2020\/09\/Section-proches-aidants-Groupe-echange.pdf\">Exchange group<\/a><\/li>\n\n\n\n<li><a href=\"https:\/\/cabartisans.org\/wp-content\/uploads\/2020\/09\/Section-proches-aidants-Formation-PDSB.pdf\">PDSB training<\/a> <strong>*<\/strong><\/li>\n\n\n\n<li><a href=\"https:\/\/cabartisans.org\/wp-content\/uploads\/2020\/09\/Section-proches-aidants-Groupe-Facebook.pdf\">Facebook group<\/a><\/li>\n\n\n\n<li><a href=\"https:\/\/cabartisans.org\/wp-content\/uploads\/2020\/09\/Section-proches-aidants-Boite-a-outils.pdf\">Toolbox<\/a><\/li>\n<\/ul>\n\n\n\n<p class=\"has-small-font-size\"><strong>*<\/strong> Principles for the Safe Movement of Beneficiaries<\/p>\n\n\n\n<p class=\"has-black-color has-text-color\"><\/p>\n\n\n\n<div style=\"height:65px\" aria-hidden=\"true\" class=\"wp-block-spacer\"><\/div>","protected":false},"excerpt":{"rendered":"<p>FORMULAIRE DE DEMANDE DE SERVICE FORMULAIRE DE DEMANDE DE SERVICE POUR LE CH\u00c8QUE EMPLOI SERVICE (CES) Vous offrez du soutien \u00e0 un proche en perte d\u2019autonomie li\u00e9e au vieillissement ? Vous \u00eates un proche aidant d\u2019a\u00een\u00e9 ! Souvent, les proches aidants ne se reconnaissent pas comme tel. La plupart sont [&hellip;]<\/p>","protected":false},"author":1,"featured_media":0,"parent":0,"menu_order":0,"comment_status":"closed","ping_status":"closed","template":"","meta":{"_monsterinsights_skip_tracking":false,"_monsterinsights_sitenote_active":false,"_monsterinsights_sitenote_note":"","_monsterinsights_sitenote_category":0,"footnotes":""},"_links":{"self":[{"href":"https:\/\/cabartisans.org\/en\/wp-json\/wp\/v2\/pages\/79"}],"collection":[{"href":"https:\/\/cabartisans.org\/en\/wp-json\/wp\/v2\/pages"}],"about":[{"href":"https:\/\/cabartisans.org\/en\/wp-json\/wp\/v2\/types\/page"}],"author":[{"embeddable":true,"href":"https:\/\/cabartisans.org\/en\/wp-json\/wp\/v2\/users\/1"}],"replies":[{"embeddable":true,"href":"https:\/\/cabartisans.org\/en\/wp-json\/wp\/v2\/comments?post=79"}],"version-history":[{"count":23,"href":"https:\/\/cabartisans.org\/en\/wp-json\/wp\/v2\/pages\/79\/revisions"}],"predecessor-version":[{"id":1640,"href":"https:\/\/cabartisans.org\/en\/wp-json\/wp\/v2\/pages\/79\/revisions\/1640"}],"wp:attachment":[{"href":"https:\/\/cabartisans.org\/en\/wp-json\/wp\/v2\/media?parent=79"}],"curies":[{"name":"wp","href":"https:\/\/api.w.org\/{rel}","templated":true}]}}