{"id":77,"date":"2020-08-05T12:18:00","date_gmt":"2020-08-05T16:18:00","guid":{"rendered":"https:\/\/cabartisans.org\/?page_id=77"},"modified":"2025-08-08T10:37:57","modified_gmt":"2025-08-08T14:37:57","slug":"rappidor-info-stop","status":"publish","type":"page","link":"https:\/\/cabartisans.org\/en\/rappidor-info-stop\/","title":{"rendered":"Info Stop &#8211; S\u00e9curiCAB"},"content":{"rendered":"<p><\/p>\n\n\n\n<p class=\"has-text-align-center has-black-color has-text-color\"><strong>FOR YOUR SAFETY<\/strong><\/p>\n\n\n\n<p class=\"has-text-align-center has-black-color has-text-color\"><em>Vivre en sant\u00e9 et en s\u00e9curit\u00e9 \u00e0 son domicile&#8230; c&rsquo;est possible&nbsp;!<\/em><\/p>\n\n\n\n<p><\/p>\n\n\n\n<p class=\"has-black-color has-text-color\">Plus qu\u2019un simple programme, le Programme S\u00e9curiCAB est une fa\u00e7on de vivre dans une communaut\u00e9 soucieuse du bien-\u00eatre de sa population. Un service rassurant, qui permet aux a\u00een\u00e9s de conserver leur autonomie en plus de garantir leur s\u00e9curit\u00e9 ainsi que la tranquillit\u00e9 d\u2019esprit pour leur famille et leurs amis. <\/p>\n\n\n\n<p>Avec S\u00e9curiCAB les a\u00een\u00e9s peuvent d\u00e9sormais rester chez eux le plus longtemps possible dans des conditions optimales gr\u00e2ce \u00e0 des appels automatis\u00e9s.<\/p>\n\n\n\n<p>Contact us at <\/p>\n\n\n\n<p>For more information, contact us at <strong>450 472-9540<\/strong> pour en plus d&rsquo;informations, pour vous inscrire ou pour inscrire un proche.<\/p>\n\n\n\n<p class=\"has-black-color has-text-color\"><\/p>\n\n\n\n<p class=\"has-black-color has-text-color\"><br><strong>Lifeline<\/strong><\/p>\n\n\n\n<p class=\"has-black-color has-text-color\">With the Philips Lifeline medical alert service, you get quick and easy access to help, 24 hours a day, 365 days a year. You can therefore enjoy life in the comfort of your own home, in addition to having the freedom to meet you everywhere with confidence.<\/p>\n\n\n\n<p><a href=\"https:\/\/cabartisans.org\/wp-content\/uploads\/2020\/09\/Lifeline.pdf\" target=\"_blank\" rel=\"noreferrer noopener\">Read More<\/a><\/p>\n\n\n\n<p><strong>SOS M\u00e9dic<\/strong><\/p>\n\n\n\n<p>Donnez \u00e0 vos proches \u00e2g\u00e9s l&rsquo;autonomie souhait\u00e9e gr\u00e2ce \u00e0 SOS Medic. Aide d&rsquo;urgence 24\/7 pour chutes et situations critiques. <a href=\"https:\/\/sosmedic.ca\/nos-solutions-dalerte-medicale\/\" target=\"_blank\" rel=\"noreferrer noopener\">https:\/\/sosmedic.ca\/nos-solutions-dalerte-medicale\/<\/a><\/p>\n\n\n\n<p><\/p>\n\n\n\n<p>For more information, contact us at <strong>450 472-9540<\/strong>.<\/p>\n\n\n\n<div style=\"height:65px\" aria-hidden=\"true\" class=\"wp-block-spacer\"><\/div>","protected":false},"excerpt":{"rendered":"<p>POUR VOTRE S\u00c9CURIT\u00c9 Vivre en sant\u00e9 et en s\u00e9curit\u00e9 \u00e0 son domicile&#8230; c&rsquo;est possible&nbsp;! Plus qu\u2019un simple programme, le Programme S\u00e9curiCAB est une fa\u00e7on de vivre dans une communaut\u00e9 soucieuse du bien-\u00eatre de sa population. Un service rassurant, qui permet aux a\u00een\u00e9s de conserver leur autonomie en plus de garantir [&hellip;]<\/p>","protected":false},"author":1,"featured_media":0,"parent":0,"menu_order":0,"comment_status":"closed","ping_status":"closed","template":"","meta":{"_monsterinsights_skip_tracking":false,"_monsterinsights_sitenote_active":false,"_monsterinsights_sitenote_note":"","_monsterinsights_sitenote_category":0,"footnotes":""},"_links":{"self":[{"href":"https:\/\/cabartisans.org\/en\/wp-json\/wp\/v2\/pages\/77"}],"collection":[{"href":"https:\/\/cabartisans.org\/en\/wp-json\/wp\/v2\/pages"}],"about":[{"href":"https:\/\/cabartisans.org\/en\/wp-json\/wp\/v2\/types\/page"}],"author":[{"embeddable":true,"href":"https:\/\/cabartisans.org\/en\/wp-json\/wp\/v2\/users\/1"}],"replies":[{"embeddable":true,"href":"https:\/\/cabartisans.org\/en\/wp-json\/wp\/v2\/comments?post=77"}],"version-history":[{"count":34,"href":"https:\/\/cabartisans.org\/en\/wp-json\/wp\/v2\/pages\/77\/revisions"}],"predecessor-version":[{"id":1725,"href":"https:\/\/cabartisans.org\/en\/wp-json\/wp\/v2\/pages\/77\/revisions\/1725"}],"wp:attachment":[{"href":"https:\/\/cabartisans.org\/en\/wp-json\/wp\/v2\/media?parent=77"}],"curies":[{"name":"wp","href":"https:\/\/api.w.org\/{rel}","templated":true}]}}