{"id":59,"date":"2020-08-05T12:03:59","date_gmt":"2020-08-05T16:03:59","guid":{"rendered":"https:\/\/cabartisans.org\/?page_id=59"},"modified":"2025-08-08T11:29:24","modified_gmt":"2025-08-08T15:29:24","slug":"aines-vulnerables-maltraitance","status":"publish","type":"page","link":"https:\/\/cabartisans.org\/en\/aines-vulnerables-maltraitance\/","title":{"rendered":"Vulnerable Seniors - Abuse"},"content":{"rendered":"<p><a href=\"https:\/\/cabartisans.org\/wp-content\/uploads\/2024\/03\/aine_vulnerable.pdf\" target=\"_blank\" rel=\"noreferrer noopener\">FORMULAIRE DE DEMANDE DE SERVICE<\/a><\/p>\n\n\n\n<p class=\"has-text-align-center has-black-color has-text-color\">Are you in a vulnerable situation or do you know someone who is in this situation? Our community worker can help you.<\/p>\n\n\n\n<p class=\"has-text-align-center\">Pour la ville de Saint-Eustache: \u00c9mylie Chevrier-Legault: 450-472-9540 poste 1227 ou par <a href=\"\/en\/eclegault@cabartisans.org\/\">email<\/a><\/p>\n\n\n\n<p class=\"has-text-align-center\">Pour la MRC de Deux-Montagnes (sauf St-Eustache) et le sud de Mirabel: H\u00e9l\u00e8ne Martineau: <strong>450 472-9540<\/strong> poste 1222\u00a0ou par\u00a0<a href=\"mailto:hmartineau@cabartisans.org\" target=\"_blank\" rel=\"noreferrer noopener\">email<\/a><\/p>\n\n\n\n<p class=\"has-text-align-center has-small-font-size\"><em>This project, Workplace initiatives for seniors in vulnerable situations (ITMAV), is made possible thanks to funding from the <strong>Ministry of Health and Social Services - Seniors Secretariat.<\/strong><\/em><\/p>\n\n\n\n<hr class=\"wp-block-separator has-css-opacity\"\/>\n\n\n\n<p class=\"has-text-align-center\"><strong><a href=\"https:\/\/cabartisans.org\/wp-content\/uploads\/2020\/09\/Role-de-la-travailleuse-de-milieu.pdf\" target=\"_blank\" rel=\"noreferrer noopener\">Quel est leur r\u00f4le ?<\/a><\/strong><\/p>\n\n\n\n<hr class=\"wp-block-separator has-css-opacity\"\/>\n\n\n<h5><strong>AIDE-M\u00c9MOIRES<\/strong><\/h5>\n<p><span>Au cours des ann\u00e9es, j\u2019ai d\u00e9velopp\u00e9 des aide-m\u00e9moires, des outils pratico-pratiques pour faciliter la t\u00e2che de la client\u00e8le a\u00een\u00e9e. Partant du principe que si c\u2019est aidant pour un, peut-\u00eatre le sera-t-il aussi pour d\u2019autre. N\u2019h\u00e9sitez donc pas \u00e0 partager.<\/span><\/p>\n<p><span><strong>D\u00e9m\u00e9nagement : quoi faire quand ?<\/strong><\/span><br \/>Pour bien pr\u00e9parer son d\u00e9m\u00e9nagement, mieux vaut s\u2019y prendre \u00e0 temps. <a href=\"https:\/\/cabartisans.org\/wp-content\/uploads\/2021\/06\/AIDE_MEMOIRE_PRE-DEMENAGEMENT-002-site-web.pdf\">Ce calendrier<\/a>\u00a0vous permettra de ne rien oublier.<\/p>\n<p><span><strong>Changements d&rsquo;adresse<\/strong><\/span><br \/>Pour ne rien oublier! Voici une <a href=\"https:\/\/cabartisans.org\/wp-content\/uploads\/2021\/06\/AIDE-MEMOIRE_CHANGEMENTS-ADRESSES.pdf\">liste exhaustive<\/a>\u00a0des changements \u00e0 effectuer : gouvernements, fournisseurs de services, assurances, pharmacie, etc.\u00a0<\/p>\n<p><strong>Imp\u00f4ts<\/strong><br \/><span>La p\u00e9riode des imp\u00f4ts rythme souvent avec stress, pour ne rien oublier sur les d\u00e9penses admissibles (70 ans +) pour le maintien \u00e0 domicile, voici un outil pour s&rsquo;y pr\u00e9parer tout au long de l&rsquo;ann\u00e9e. <em>(\u00e0 venir)<\/em><\/span><\/p>\n\n\n<hr class=\"wp-block-separator has-css-opacity\"\/>\n\n\n\n<p class=\"has-black-color has-text-color\"><br><strong>VULNERABLE SENIORS<\/strong><\/p>\n\n\n\n<p class=\"has-black-color has-text-color\"><strong>What is vulnerability?<\/strong> Isolation, loss of autonomy, cognitive problems, lack of social network, lack of awareness of resources, poverty, food insecurity, mistreatment and abuse are some of the factors that can create a situation of vulnerability<\/p>\n\n\n\n<p><em>A few <\/em><a href=\"https:\/\/cabartisans.org\/wp-content\/uploads\/2020\/09\/ressource-aide.pdf\"><em>ressources<\/em><\/a><em> that can help you or a loved one in a vulnerable situation.<\/em><\/p>\n\n\n\n<p class=\"has-black-color has-text-color\"><br><strong>ABUSE<\/strong><\/p>\n\n\n\n<p class=\"has-black-color has-text-color\"><strong>What is abuse?<\/strong> The mistreatment of the elderly is an increasingly frequent social problem. The consequences of mistreatment are serious in terms of the physical and psychological health of the elderly. We understand that in a situation of mistreatment, the elderly are reluctant to reveal their situation.&nbsp;<\/p>\n\n\n\n<p class=\"has-black-color has-text-color\">In order to support and facilitate support in cases of mistreatment, the Committee for the Prevention of Elder Abuse of the MRC of Deux-Montagnes and South of Mirabel offers a support model that can be used by all people who are in contact with older people.<\/p>\n\n\n\n<p class=\"has-black-color has-text-color\"><strong>Are you a senior in a situation of abuse ?<\/strong> We offer you empathetic, respectful and non-judgmental listening. <strong>Are you a relative or a witness ?<\/strong> Your collaboration is important and it can make a big difference !<\/p>\n\n\n\n<p><em>CAB Les Artisans de l'Aide offers <a href=\"https:\/\/cabartisans.org\/wp-content\/uploads\/2020\/09\/Maltraitance.pdf\" target=\"_blank\" rel=\"noreferrer noopener\">formations <\/a>intended for volunteers and workers who work with the elderly population, as well as awareness workshops for the elderly.<\/em>&nbsp;<\/p>\n\n\n\n<div style=\"height:65px\" aria-hidden=\"true\" class=\"wp-block-spacer\"><\/div>\n\n\n\n<p><\/p>","protected":false},"excerpt":{"rendered":"<p>FORMULAIRE DE DEMANDE DE SERVICE Vous \u00eates en situation de vuln\u00e9rabilit\u00e9 ou vous connaissez quelqu\u2019un qui est dans cette situation ? Notre travailleuse de milieu peut vous aider. Pour la ville de Saint-Eustache: \u00c9mylie Chevrier-Legault: 450-472-9540 poste 1227 ou par courriel Pour la MRC de Deux-Montagnes (sauf St-Eustache) et le [&hellip;]<\/p>","protected":false},"author":1,"featured_media":0,"parent":0,"menu_order":0,"comment_status":"closed","ping_status":"closed","template":"","meta":{"_monsterinsights_skip_tracking":false,"_monsterinsights_sitenote_active":false,"_monsterinsights_sitenote_note":"","_monsterinsights_sitenote_category":0,"footnotes":""},"_links":{"self":[{"href":"https:\/\/cabartisans.org\/en\/wp-json\/wp\/v2\/pages\/59"}],"collection":[{"href":"https:\/\/cabartisans.org\/en\/wp-json\/wp\/v2\/pages"}],"about":[{"href":"https:\/\/cabartisans.org\/en\/wp-json\/wp\/v2\/types\/page"}],"author":[{"embeddable":true,"href":"https:\/\/cabartisans.org\/en\/wp-json\/wp\/v2\/users\/1"}],"replies":[{"embeddable":true,"href":"https:\/\/cabartisans.org\/en\/wp-json\/wp\/v2\/comments?post=59"}],"version-history":[{"count":27,"href":"https:\/\/cabartisans.org\/en\/wp-json\/wp\/v2\/pages\/59\/revisions"}],"predecessor-version":[{"id":1752,"href":"https:\/\/cabartisans.org\/en\/wp-json\/wp\/v2\/pages\/59\/revisions\/1752"}],"wp:attachment":[{"href":"https:\/\/cabartisans.org\/en\/wp-json\/wp\/v2\/media?parent=59"}],"curies":[{"name":"wp","href":"https:\/\/api.w.org\/{rel}","templated":true}]}}