{"id":58,"date":"2020-08-05T12:03:58","date_gmt":"2020-08-05T16:03:58","guid":{"rendered":"https:\/\/cabartisans.org\/?page_id=58"},"modified":"2025-08-08T11:30:02","modified_gmt":"2025-08-08T15:30:02","slug":"carrefour-50","status":"publish","type":"page","link":"https:\/\/cabartisans.org\/en\/carrefour-50\/","title":{"rendered":"Carrefour 50 +"},"content":{"rendered":"<p class=\"has-black-color has-text-color\">For people aged 50 and over who want an active lifestyle. The Carrefour offers social, sports or cultural activities to promote psychological well-being. It is a common gathering place that promotes social participation, a more active life in preventing the loss of autonomy.<\/p>\n\n\n\n<p>We invite you to visit the <a href=\"https:\/\/www.carrefour50.org\/\">carrefour50.org<\/a> afin de prendre connaissance des activit\u00e9s offertes ou \u00e0 contacter la coordonnatrice, Annie Lefebvre au 450 472-9540 poste 1224 ou par <a href=\"mailto:alefebvre@cabartisans.org\">email<\/a>.<\/p>\n\n\n\n<div style=\"height:65px\" aria-hidden=\"true\" class=\"wp-block-spacer\"><\/div>","protected":false},"excerpt":{"rendered":"<p>Pour les personnes de 50 ans et plus d\u00e9sirant une vie active. Le Carrefour vous propose des activit\u00e9s sociales, sportives ou culturelles afin de favoriser le mieux-\u00eatre psychologique. C\u2019est un lieu de rassemblement commun favorisant la participation sociale, une vie plus active en pr\u00e9vention de la perte d\u2019autonomie. Nous vous [&hellip;]<\/p>","protected":false},"author":1,"featured_media":0,"parent":0,"menu_order":0,"comment_status":"closed","ping_status":"closed","template":"","meta":{"_monsterinsights_skip_tracking":false,"_monsterinsights_sitenote_active":false,"_monsterinsights_sitenote_note":"","_monsterinsights_sitenote_category":0,"footnotes":""},"_links":{"self":[{"href":"https:\/\/cabartisans.org\/en\/wp-json\/wp\/v2\/pages\/58"}],"collection":[{"href":"https:\/\/cabartisans.org\/en\/wp-json\/wp\/v2\/pages"}],"about":[{"href":"https:\/\/cabartisans.org\/en\/wp-json\/wp\/v2\/types\/page"}],"author":[{"embeddable":true,"href":"https:\/\/cabartisans.org\/en\/wp-json\/wp\/v2\/users\/1"}],"replies":[{"embeddable":true,"href":"https:\/\/cabartisans.org\/en\/wp-json\/wp\/v2\/comments?post=58"}],"version-history":[{"count":8,"href":"https:\/\/cabartisans.org\/en\/wp-json\/wp\/v2\/pages\/58\/revisions"}],"predecessor-version":[{"id":1753,"href":"https:\/\/cabartisans.org\/en\/wp-json\/wp\/v2\/pages\/58\/revisions\/1753"}],"wp:attachment":[{"href":"https:\/\/cabartisans.org\/en\/wp-json\/wp\/v2\/media?parent=58"}],"curies":[{"name":"wp","href":"https:\/\/api.w.org\/{rel}","templated":true}]}}