{"id":57,"date":"2020-08-05T12:03:58","date_gmt":"2020-08-05T16:03:58","guid":{"rendered":"https:\/\/cabartisans.org\/?page_id=57"},"modified":"2025-08-08T11:30:38","modified_gmt":"2025-08-08T15:30:38","slug":"appels-et-visites-amicales","status":"publish","type":"page","link":"https:\/\/cabartisans.org\/en\/appels-et-visites-amicales\/","title":{"rendered":"Chaine des a\u00een\u00e9s"},"content":{"rendered":"<p><a href=\"https:\/\/cabartisans.org\/wp-content\/uploads\/2024\/03\/visite_appel_courtoisie-002.pdf\" target=\"_blank\" rel=\"noreferrer noopener\">FORMULAIRE DE DEMANDE DE SERVICE<\/a><\/p>\n\n\n\n<p class=\"has-black-color has-text-color\"><strong>A REASSURING PRESENCE!<\/strong><\/p>\n\n\n\n<figure class=\"wp-block-image size-full is-resized\"><img loading=\"lazy\" decoding=\"async\" width=\"971\" height=\"450\" src=\"https:\/\/cabartisans.org\/wp-content\/uploads\/2022\/05\/chaine_aines_logo_F.png\" alt=\"\" class=\"wp-image-1355\" style=\"width:248px;height:115px\" srcset=\"https:\/\/cabartisans.org\/wp-content\/uploads\/2022\/05\/chaine_aines_logo_F.png 971w, https:\/\/cabartisans.org\/wp-content\/uploads\/2022\/05\/chaine_aines_logo_F-300x139.png 300w, https:\/\/cabartisans.org\/wp-content\/uploads\/2022\/05\/chaine_aines_logo_F-768x356.png 768w, https:\/\/cabartisans.org\/wp-content\/uploads\/2022\/05\/chaine_aines_logo_F-18x8.png 18w\" sizes=\"(max-width: 971px) 100vw, 971px\" \/><\/figure>\n\n\n\n<p class=\"has-black-color has-text-color\">Aimed at elderly people suffering from loneliness, in order to bring them presence and comfort.&nbsp;<br><br><strong>How ?<\/strong><\/p>\n\n\n<ul aria-label=\"Write list\u2026\" role=\"textbox\" aria-multiline=\"true\" class=\"block-editor-block-list__block wp-block is-selected rich-text block-editor-rich-text__editable wp-block\" id=\"block-c0df7d5d-5201-4518-97bc-763d22251d17\" data-block=\"c0df7d5d-5201-4518-97bc-763d22251d17\" data-type=\"core\/list\" data-title=\"List\" contenteditable=\"true\" tabindex=\"0\">\n<li><span style=\"color: #000000;\">Par un appel : Service d\u2019appels ayant pour but de rassurer et de s\u2019enqu\u00e9rir de la sant\u00e9 de l\u2019a\u00een\u00e9 ou du proche aidant et ainsi contribuer \u00e0 briser leurs isolements.<\/span><\/li>\n<li><span style=\"color: #000000;\">Par une visite : Service qui offre des visites et de courtoisie aux personnes a\u00een\u00e9es, dans le but de briser l\u2019isolement.<\/span><\/li>\n<\/ul>\n\n\n<p class=\"has-black-color has-text-color\">The manager makes a suitable match with a volunteer who has similar interests (walking, cycling, reading, hobbies, animals, etc.).<\/p>\n\n\n\n<p>Would you like to participate or do you know someone who would like to participate?<br>Contact us at\u00a0<strong>450.472.9540<\/strong>\u00a0poste 1233 ou par\u00a0<a href=\"mailto:mlapointe\u00ad@cabartisans.org\">courriel.<\/a><\/p>\n\n\n\n<p class=\"has-black-color has-text-color\"><strong>PROCEDURES<\/strong><\/p>\n\n\n\n<p class=\"has-black-color has-text-color\">All requests must be sent to the CAB Les Artisans de l'Aide office in order to determine eligibility for the service, according to the following criteria:<\/p>\n\n\n<ul aria-label=\"Write list\u2026\" role=\"textbox\" aria-multiline=\"true\" class=\"block-editor-block-list__block wp-block is-selected rich-text block-editor-rich-text__editable is-hovered wp-block\" id=\"block-23eddcb6-52ba-4887-9bd7-bb88baa066ae\" data-block=\"23eddcb6-52ba-4887-9bd7-bb88baa066ae\" data-type=\"core\/list\" data-title=\"List\" contenteditable=\"true\" tabindex=\"0\">\n<li><span style=\"color: #000000;\">\u00c2g\u00e9e de plus de 65 ans, seule \u00e0 domicile n\u2019ayant pas ou peu de contact social.<\/span><\/li>\n<li><span style=\"color: #000000;\">For residents of the Deux-Montagnes MRC and south of Mirabel.<\/span><\/li>\n<li><span style=\"color: #000000;\">Anyone assessed and referred by a worker from the health and social services network and who meets the eligibility criteria.<\/span>\n<ul>\n<li><span style=\"color: #000000;\">Les demandes doivent nous parvenir dans des d\u00e9lais raisonnables afin de proc\u00e9der \u00e0 un jumelage&nbsp;: b\u00e9n\u00e9vole-client\u00e8le.<\/span><\/li>\n<\/ul>\n<ul>\n<li><span style=\"color: #000000;\">The coordinator will follow up with clients and volunteers.<\/span><\/li>\n<li><span style=\"color: #000000;\"><strong>This service is free<\/strong><\/span><\/li>\n<\/ul>\n<\/li>\n<\/ul>","protected":false},"excerpt":{"rendered":"<p>FORMULAIRE DE DEMANDE DE SERVICE UNE PR\u00c9SENCE RASSURANTE&nbsp;! S\u2019adressent aux personnes \u00e2g\u00e9es souffrant de solitude, afin de leur apporter pr\u00e9sence et r\u00e9confort.&nbsp; Comment ? Par un appel : Service d\u2019appels ayant pour but de rassurer et de s\u2019enqu\u00e9rir de la sant\u00e9 de l\u2019a\u00een\u00e9 ou du proche aidant et ainsi contribuer [&hellip;]<\/p>","protected":false},"author":1,"featured_media":0,"parent":0,"menu_order":0,"comment_status":"closed","ping_status":"closed","template":"","meta":{"_monsterinsights_skip_tracking":false,"_monsterinsights_sitenote_active":false,"_monsterinsights_sitenote_note":"","_monsterinsights_sitenote_category":0,"footnotes":""},"_links":{"self":[{"href":"https:\/\/cabartisans.org\/en\/wp-json\/wp\/v2\/pages\/57"}],"collection":[{"href":"https:\/\/cabartisans.org\/en\/wp-json\/wp\/v2\/pages"}],"about":[{"href":"https:\/\/cabartisans.org\/en\/wp-json\/wp\/v2\/types\/page"}],"author":[{"embeddable":true,"href":"https:\/\/cabartisans.org\/en\/wp-json\/wp\/v2\/users\/1"}],"replies":[{"embeddable":true,"href":"https:\/\/cabartisans.org\/en\/wp-json\/wp\/v2\/comments?post=57"}],"version-history":[{"count":31,"href":"https:\/\/cabartisans.org\/en\/wp-json\/wp\/v2\/pages\/57\/revisions"}],"predecessor-version":[{"id":1754,"href":"https:\/\/cabartisans.org\/en\/wp-json\/wp\/v2\/pages\/57\/revisions\/1754"}],"wp:attachment":[{"href":"https:\/\/cabartisans.org\/en\/wp-json\/wp\/v2\/media?parent=57"}],"curies":[{"name":"wp","href":"https:\/\/api.w.org\/{rel}","templated":true}]}}