{"id":56,"date":"2020-08-05T12:03:58","date_gmt":"2020-08-05T16:03:58","guid":{"rendered":"https:\/\/cabartisans.org\/?page_id=56"},"modified":"2025-08-08T11:31:59","modified_gmt":"2025-08-08T15:31:59","slug":"diner-communautaire","status":"publish","type":"page","link":"https:\/\/cabartisans.org\/en\/diner-communautaire\/","title":{"rendered":"Community dinner"},"content":{"rendered":"<p><a href=\"https:\/\/cabartisans.org\/wp-content\/uploads\/2024\/03\/diner_communautaire.pdf\" target=\"_blank\" rel=\"noreferrer noopener\">FORMULAIRE DE DEMANDE DE SERVICE<\/a><\/p>\n\n\n\n<p class=\"has-text-align-center has-header-gradient-color has-text-color\"><\/p>\n\n\n\n<p class=\"has-black-color has-text-color\"><strong>SHARING, LAUGHING AND FUN<\/strong><\/p>\n\n\n\n<p class=\"has-black-color has-text-color\">Chaque mois, a lieu un d\u00eener communautaire pr\u00e9par\u00e9 et anim\u00e9 par nos b\u00e9n\u00e9voles, afin de permettre aux gens isol\u00e9s ou seuls de sortir, d\u2019\u00e9changer, de tisser de nouveaux liens et ainsi de maintenir un r\u00e9seau social.<\/p>\n\n\n\n<p>Would you like to participate or do you know someone who would like to participate?<br>Contact us at\u00a0<strong>450.472.9540<\/strong>\u00a0poste 1232 ou par <a href=\"mailto:mlefebvre@cabartisans.org\">email<\/a>.<\/p>\n\n\n\n<p class=\"has-black-color has-text-color\"><br><strong>PROCEDURES<\/strong><\/p>\n\n\n\n<p class=\"has-black-color has-text-color\">All requests must be sent to the CAB Les Artisans de l'Aide office in order to determine eligibility for the service, according to the following criteria:<\/p>\n\n\n<ul aria-label=\"Write list\u2026\" role=\"textbox\" aria-multiline=\"true\" class=\"block-editor-block-list__block wp-block is-selected rich-text block-editor-rich-text__editable is-hovered wp-block\" id=\"block-58f45686-6023-4ed8-959b-585c3202a769\" data-block=\"58f45686-6023-4ed8-959b-585c3202a769\" data-type=\"core\/list\" data-title=\"List\" contenteditable=\"true\" tabindex=\"0\">\n<li><span style=\"color: #000000;\">Toute personne en perte d\u2019autonomie, \u00e2g\u00e9e de plus de 65 ans, et\/ou n\u2019ayant aucun contact social.<\/span><\/li>\n<li><span style=\"color: #000000;\">Pour les r\u00e9sidents de la MRC de Deux-Montagnes.<\/span><\/li>\n<li><span style=\"color: #000000;\">Anyone assessed and referred by a worker from the health and social services network and who meets the eligibility criteria.<\/span><\/li>\n<li><span style=\"color: #000000;\">Requests must reach us within a reasonable time so that the clientele can first integrate the person into an existing group.<\/span><\/li>\n<li><span style=\"color: #000000;\">The cost of the meal, including transportation, is set by the board of directors.<\/span><\/li>\n<\/ul>\n\n\n<p>You are interested in a&nbsp;<strong>volunteer involvement&nbsp;<\/strong>? Inscrivez-vous: <a href=\"https:\/\/cabartisans.org\/en\/devenir-benevole-2\/\">Je veux \u00eatre b\u00e9n\u00e9vole<\/a><\/p>\n\n\n\n<div style=\"height:65px\" aria-hidden=\"true\" class=\"wp-block-spacer\"><\/div>","protected":false},"excerpt":{"rendered":"<p>FORMULAIRE DE DEMANDE DE SERVICE PARTAGE, RIRE ET PLAISIR Chaque mois, a lieu un d\u00eener communautaire pr\u00e9par\u00e9 et anim\u00e9 par nos b\u00e9n\u00e9voles, afin de permettre aux gens isol\u00e9s ou seuls de sortir, d\u2019\u00e9changer, de tisser de nouveaux liens et ainsi de maintenir un r\u00e9seau social. Vous aimeriez y participer ou [&hellip;]<\/p>","protected":false},"author":1,"featured_media":0,"parent":0,"menu_order":0,"comment_status":"closed","ping_status":"closed","template":"","meta":{"_monsterinsights_skip_tracking":false,"_monsterinsights_sitenote_active":false,"_monsterinsights_sitenote_note":"","_monsterinsights_sitenote_category":0,"footnotes":""},"_links":{"self":[{"href":"https:\/\/cabartisans.org\/en\/wp-json\/wp\/v2\/pages\/56"}],"collection":[{"href":"https:\/\/cabartisans.org\/en\/wp-json\/wp\/v2\/pages"}],"about":[{"href":"https:\/\/cabartisans.org\/en\/wp-json\/wp\/v2\/types\/page"}],"author":[{"embeddable":true,"href":"https:\/\/cabartisans.org\/en\/wp-json\/wp\/v2\/users\/1"}],"replies":[{"embeddable":true,"href":"https:\/\/cabartisans.org\/en\/wp-json\/wp\/v2\/comments?post=56"}],"version-history":[{"count":20,"href":"https:\/\/cabartisans.org\/en\/wp-json\/wp\/v2\/pages\/56\/revisions"}],"predecessor-version":[{"id":1755,"href":"https:\/\/cabartisans.org\/en\/wp-json\/wp\/v2\/pages\/56\/revisions\/1755"}],"wp:attachment":[{"href":"https:\/\/cabartisans.org\/en\/wp-json\/wp\/v2\/media?parent=56"}],"curies":[{"name":"wp","href":"https:\/\/api.w.org\/{rel}","templated":true}]}}