{"id":55,"date":"2020-08-05T12:03:58","date_gmt":"2020-08-05T16:03:58","guid":{"rendered":"https:\/\/cabartisans.org\/?page_id=55"},"modified":"2025-08-08T11:26:23","modified_gmt":"2025-08-08T15:26:23","slug":"aide-aux-formulaires","status":"publish","type":"page","link":"https:\/\/cabartisans.org\/en\/aide-aux-formulaires\/","title":{"rendered":"Help with forms"},"content":{"rendered":"<p><a href=\"https:\/\/cabartisans.org\/wp-content\/uploads\/2024\/03\/aide_formulaire.pdf\" target=\"_blank\" rel=\"noreferrer noopener\">FORMULAIRE DE DEMANDE DE SERVICE<\/a><\/p>\n\n\n\n<p class=\"has-black-color has-text-color\"><strong>ADMINISTRATIVE SUPPORT<\/strong><\/p>\n\n\n\n<p class=\"has-black-color has-text-color\">Parfois&nbsp;remplir des formulaires administratifs peut devenir un lourd fardeau, nos b\u00e9n\u00e9voles sont l\u00e0 pour vous aider avec cette t\u00e2che.<\/p>\n\n\n\n<p class=\"has-black-color has-text-color\">This service is in the spirit of home support and allows customers to get help from a volunteer or an employee to fill out all kinds of forms, except tax returns.<\/p>\n\n\n\n<p class=\"has-black-color has-text-color\"><br><strong>PROCEDURES<\/strong><\/p>\n\n\n\n<p class=\"has-black-color has-text-color\">All requests must be sent to the CAB Les Artisans de l'Aide office in order to determine eligibility for the service, according to the following criteria:<\/p>\n\n\n<ul aria-label=\"Write list\u2026\" role=\"textbox\" aria-multiline=\"true\" class=\"block-editor-block-list__block wp-block is-selected rich-text block-editor-rich-text__editable wp-block\" id=\"block-272ee7fd-7a0a-4149-a17e-9222e382511a\" data-block=\"272ee7fd-7a0a-4149-a17e-9222e382511a\" data-type=\"core\/list\" data-title=\"List\" contenteditable=\"true\" tabindex=\"0\">\n<li><span style=\"color: #000000;\"><span>\u00c2g\u00e9e de plus de 65 ans,<\/span> en perte d\u2019autonomie, malade ou handicap\u00e9e.<\/span><\/li>\n<li><span style=\"color: #000000;\">Anyone assessed and referred by a worker from the health and social services network and who meets the eligibility criteria.<\/span><\/li>\n<li><span style=\"color: #000000;\">For residents of the Deux-Montagnes MRC and south of Mirabel.<\/span><\/li>\n<li><span style=\"color: #000000;\">Requests must reach us within a reasonable time in order to designate a volunteer who will accompany the person to complete the various forms or requests from the government.<\/span><\/li>\n<li><span style=\"color: #000000;\"><strong>This service is free<\/strong>.<\/span><\/li>\n<\/ul>\n<p><span>Would you like to participate or do you know someone who would like to participate?<\/span><br \/><span>Contactez-nous en composant le <\/span><strong>450.472.9540<\/strong><span> poste 1232 ou par\u00a0<\/span><a href=\"mailto:mlefebvre@cabartisans.org\">email<\/a><span>.<\/span><\/p>\n\n\n<p>You are interested in a&nbsp;<strong>volunteer involvement&nbsp;<\/strong>? Inscrivez-vous: <a href=\"https:\/\/cabartisans.org\/en\/devenir-benevole-2\/\">Je veux \u00eatre b\u00e9n\u00e9vole<\/a><\/p>\n\n\n\n<div style=\"height:65px\" aria-hidden=\"true\" class=\"wp-block-spacer\"><\/div>","protected":false},"excerpt":{"rendered":"<p>FORMULAIRE DE DEMANDE DE SERVICE UN SUPPORT ADMINISTRATIF Parfois&nbsp;remplir des formulaires administratifs peut devenir un lourd fardeau, nos b\u00e9n\u00e9voles sont l\u00e0 pour vous aider avec cette t\u00e2che. Ce service s\u2019inscrit dans l\u2019esprit du soutien \u00e0 domicile et permet \u00e0 la client\u00e8le d\u2019obtenir l\u2019aide d\u2019un b\u00e9n\u00e9vole ou d\u2019un employ\u00e9 pour remplir [&hellip;]<\/p>","protected":false},"author":1,"featured_media":0,"parent":0,"menu_order":0,"comment_status":"closed","ping_status":"closed","template":"","meta":{"_monsterinsights_skip_tracking":false,"_monsterinsights_sitenote_active":false,"_monsterinsights_sitenote_note":"","_monsterinsights_sitenote_category":0,"footnotes":""},"_links":{"self":[{"href":"https:\/\/cabartisans.org\/en\/wp-json\/wp\/v2\/pages\/55"}],"collection":[{"href":"https:\/\/cabartisans.org\/en\/wp-json\/wp\/v2\/pages"}],"about":[{"href":"https:\/\/cabartisans.org\/en\/wp-json\/wp\/v2\/types\/page"}],"author":[{"embeddable":true,"href":"https:\/\/cabartisans.org\/en\/wp-json\/wp\/v2\/users\/1"}],"replies":[{"embeddable":true,"href":"https:\/\/cabartisans.org\/en\/wp-json\/wp\/v2\/comments?post=55"}],"version-history":[{"count":17,"href":"https:\/\/cabartisans.org\/en\/wp-json\/wp\/v2\/pages\/55\/revisions"}],"predecessor-version":[{"id":1750,"href":"https:\/\/cabartisans.org\/en\/wp-json\/wp\/v2\/pages\/55\/revisions\/1750"}],"wp:attachment":[{"href":"https:\/\/cabartisans.org\/en\/wp-json\/wp\/v2\/media?parent=55"}],"curies":[{"name":"wp","href":"https:\/\/api.w.org\/{rel}","templated":true}]}}