{"id":53,"date":"2020-08-05T12:03:58","date_gmt":"2020-08-05T16:03:58","guid":{"rendered":"https:\/\/cabartisans.org\/?page_id=53"},"modified":"2024-03-19T13:51:43","modified_gmt":"2024-03-19T17:51:43","slug":"aide-et-reference","status":"publish","type":"page","link":"https:\/\/cabartisans.org\/en\/aide-et-reference\/","title":{"rendered":"Help and referral"},"content":{"rendered":"<p class=\"has-black-color has-text-color\"><strong>YOU ARE WELCOME<\/strong><\/p>\n\n\n\n<p class=\"has-black-color has-text-color\">This service allows an elderly clientele with a loss of autonomy to receive answers to their questions or to be referred to other organizations, establishments or authorities that will know how to do so.<\/p>\n\n\n\n<p class=\"has-black-color has-text-color\">Contactez notre b\u00e9n\u00e9vole r\u00e9ceptionniste ou venez nous rendre visite, vous aurez alors \u00e0 votre disposition une panoplie de d\u00e9pliants informatifs sur les diff\u00e9rents organismes communautaires ou du r\u00e9seau de la sant\u00e9 et des services sociaux pouvant r\u00e9pondre \u00e0 vos questions.<\/p>\n\n\n\n<p class=\"has-black-color has-text-color\">Contact us at <strong>450\u00a0472-9540<\/strong> et faites le 0&nbsp;pour parler \u00e0 la r\u00e9ceptionniste b\u00e9n\u00e9vole.<\/p>\n\n\n\n<p class=\"has-black-color has-text-color\"><br><strong>PROCEDURES<\/strong><\/p>\n\n\n<ul aria-label=\"Write list\u2026\" role=\"textbox\" aria-multiline=\"true\" class=\"block-editor-block-list__block wp-block is-selected rich-text block-editor-rich-text__editable wp-block\" id=\"block-f0b11dd7-44e1-442a-a496-b35c15b79851\" data-block=\"f0b11dd7-44e1-442a-a496-b35c15b79851\" data-type=\"core\/list\" data-title=\"List\" contenteditable=\"true\" tabindex=\"0\">\n<li><span style=\"color: #000000;\">Les b\u00e9n\u00e9voles et les employ\u00e9es prennent les appels t\u00e9l\u00e9phoniques et les courriels, du lundi au vendredi entre 8 h et midi et entre 13h et 16 h.<\/span><\/li>\n<li><em><span style=\"color: #000000;\">You can also write to us at<\/span> <\/em><a href=\"mailto:reception@cabartisans.org\"><em>reception@cabartisans.org<\/em><\/a><\/li>\n<li><span style=\"color: #000000;\">Requests are processed in order of arrival.<\/span><\/li>\n<\/ul>\n\n\n<p><\/p>","protected":false},"excerpt":{"rendered":"<p>VOUS \u00caTES LES BIENVENUS Ce service permet \u00e0 une client\u00e8le \u00e2g\u00e9e et en perte d\u2019autonomie de recevoir des r\u00e9ponses \u00e0 ses questions ou encore d\u2019\u00eatre dirig\u00e9s vers d\u2019autres organismes, \u00e9tablissements ou instances qui sauront le faire. Contactez notre b\u00e9n\u00e9vole r\u00e9ceptionniste ou venez nous rendre visite, vous aurez alors \u00e0 votre [&hellip;]<\/p>","protected":false},"author":1,"featured_media":0,"parent":0,"menu_order":0,"comment_status":"closed","ping_status":"closed","template":"","meta":{"_monsterinsights_skip_tracking":false,"_monsterinsights_sitenote_active":false,"_monsterinsights_sitenote_note":"","_monsterinsights_sitenote_category":0,"footnotes":""},"_links":{"self":[{"href":"https:\/\/cabartisans.org\/en\/wp-json\/wp\/v2\/pages\/53"}],"collection":[{"href":"https:\/\/cabartisans.org\/en\/wp-json\/wp\/v2\/pages"}],"about":[{"href":"https:\/\/cabartisans.org\/en\/wp-json\/wp\/v2\/types\/page"}],"author":[{"embeddable":true,"href":"https:\/\/cabartisans.org\/en\/wp-json\/wp\/v2\/users\/1"}],"replies":[{"embeddable":true,"href":"https:\/\/cabartisans.org\/en\/wp-json\/wp\/v2\/comments?post=53"}],"version-history":[{"count":15,"href":"https:\/\/cabartisans.org\/en\/wp-json\/wp\/v2\/pages\/53\/revisions"}],"predecessor-version":[{"id":1642,"href":"https:\/\/cabartisans.org\/en\/wp-json\/wp\/v2\/pages\/53\/revisions\/1642"}],"wp:attachment":[{"href":"https:\/\/cabartisans.org\/en\/wp-json\/wp\/v2\/media?parent=53"}],"curies":[{"name":"wp","href":"https:\/\/api.w.org\/{rel}","templated":true}]}}