{"id":52,"date":"2020-08-05T12:03:58","date_gmt":"2020-08-05T16:03:58","guid":{"rendered":"https:\/\/cabartisans.org\/?page_id=52"},"modified":"2024-03-19T13:46:32","modified_gmt":"2024-03-19T17:46:32","slug":"popote-roulante","status":"publish","type":"page","link":"https:\/\/cabartisans.org\/en\/popote-roulante\/","title":{"rendered":"Meals on Wheels"},"content":{"rendered":"<p><a href=\"https:\/\/cabartisans.org\/wp-content\/uploads\/2024\/03\/popote_roulante.pdf\" target=\"_blank\" rel=\"noreferrer noopener\">FORMULAIRE DE DEMANDE DE SERVICE<\/a><\/p>\n\n\n\n<p><\/p>\n\n\n\n<p class=\"has-black-color has-text-color\"><strong>PROCEDURES<\/strong><\/p>\n\n\n\n<p class=\"has-black-color has-text-color\">All requests must be sent to the CAB Les Artisans de l'Aide office in order to determine eligibility for the service, according to the following criteria:<\/p>\n\n\n<ul aria-label=\"Write list\u2026\" role=\"textbox\" aria-multiline=\"true\" class=\"block-editor-block-list__block wp-block is-selected rich-text block-editor-rich-text__editable is-hovered wp-block\" id=\"block-85b8f314-08d0-478a-b65c-b8efc8d96a43\" data-block=\"85b8f314-08d0-478a-b65c-b8efc8d96a43\" data-type=\"core\/list\" data-title=\"List\" contenteditable=\"true\" tabindex=\"0\">\n<li><span style=\"color: #000000;\">For residents of the MRC de Deux-Montagnes and south of Mirabel with a loss of autonomy, the person must be sick or disabled, having difficulty preparing meals.<\/span><\/li>\n<li><span style=\"color: #000000;\">Anyone assessed and referred by a worker from the health and social services network and who meets the eligibility criteria.<\/span><\/li>\n<li><span style=\"color: #000000;\">Requests must reach us within a reasonable period of three (3) days. We cannot accept a request the same morning.<\/span><\/li>\n<li><span style=\"color: #000000;\">The financial contribution paid by customers is determined by the board of directors.<\/span><\/li>\n<\/ul>\n\n\n<p>You are interested in a&nbsp;<strong>volunteer involvement&nbsp;<\/strong>? Inscrivez-vous: <a href=\"https:\/\/cabartisans.org\/en\/devenir-benevole-2\/\">Je veux \u00eatre b\u00e9n\u00e9vole<\/a><\/p>\n\n\n\n<div style=\"height:65px\" aria-hidden=\"true\" class=\"wp-block-spacer\"><\/div>","protected":false},"excerpt":{"rendered":"<p>FORMULAIRE DE DEMANDE DE SERVICE PROC\u00c9DURES Toutes les demandes doivent obligatoirement \u00eatre achemin\u00e9es au bureau du CAB Les Artisans de l\u2019Aide, afin de d\u00e9terminer l\u2019admissibilit\u00e9 au service, d\u2019apr\u00e8s les crit\u00e8res suivants : Pour les r\u00e9sidents de la MRC de Deux-Montagnes et du sud de Mirabel en perte d\u2019autonomie, la personne [&hellip;]<\/p>","protected":false},"author":1,"featured_media":0,"parent":0,"menu_order":0,"comment_status":"closed","ping_status":"closed","template":"","meta":{"_monsterinsights_skip_tracking":false,"_monsterinsights_sitenote_active":false,"_monsterinsights_sitenote_note":"","_monsterinsights_sitenote_category":0,"footnotes":""},"_links":{"self":[{"href":"https:\/\/cabartisans.org\/en\/wp-json\/wp\/v2\/pages\/52"}],"collection":[{"href":"https:\/\/cabartisans.org\/en\/wp-json\/wp\/v2\/pages"}],"about":[{"href":"https:\/\/cabartisans.org\/en\/wp-json\/wp\/v2\/types\/page"}],"author":[{"embeddable":true,"href":"https:\/\/cabartisans.org\/en\/wp-json\/wp\/v2\/users\/1"}],"replies":[{"embeddable":true,"href":"https:\/\/cabartisans.org\/en\/wp-json\/wp\/v2\/comments?post=52"}],"version-history":[{"count":29,"href":"https:\/\/cabartisans.org\/en\/wp-json\/wp\/v2\/pages\/52\/revisions"}],"predecessor-version":[{"id":1639,"href":"https:\/\/cabartisans.org\/en\/wp-json\/wp\/v2\/pages\/52\/revisions\/1639"}],"wp:attachment":[{"href":"https:\/\/cabartisans.org\/en\/wp-json\/wp\/v2\/media?parent=52"}],"curies":[{"name":"wp","href":"https:\/\/api.w.org\/{rel}","templated":true}]}}