{"id":51,"date":"2020-08-05T12:03:58","date_gmt":"2020-08-05T16:03:58","guid":{"rendered":"https:\/\/cabartisans.org\/?page_id=51"},"modified":"2024-03-19T13:39:13","modified_gmt":"2024-03-19T17:39:13","slug":"accompagnement-transport","status":"publish","type":"page","link":"https:\/\/cabartisans.org\/en\/accompagnement-transport\/","title":{"rendered":"Transport support"},"content":{"rendered":"<p><a href=\"https:\/\/cabartisans.org\/wp-content\/uploads\/2024\/03\/accompagnement_transport.pdf\" target=\"_blank\" rel=\"noreferrer noopener\">FORMULAIRE DE DEMANDE DE SERVICE<\/a><\/p>\n\n\n\n<p class=\"has-black-color has-text-color\"><strong>KEEP YOUR INDEPENDENCE!<\/strong><\/p>\n\n\n\n<p class=\"has-black-color has-text-color\">Afin de vous faciliter la vie ou celle de vos proches et r\u00e9pondre \u00e0 vos besoins de d\u00e9placements, nous offrons le service d\u2019accompagnement-m\u00e9dical ou d\u2019\u00e9picerie. Nos b\u00e9n\u00e9voles vous accompagnent pour tous les rendez-vous m\u00e9dicaux reli\u00e9s \u00e0 la sant\u00e9 si vous \u00eates \u00e2g\u00e9 de 65 ans et plus ou si vous \u00eates un adulte en perte d\u2019autonomie. Cet accompagnement peut \u00eatre suivi d\u2019un arr\u00eat&nbsp;\u00e0 la pharmacie, dans le cas d\u2019un accompagnement m\u00e9dical ou d\u2019un arr\u00eat \u00e0 la banque dans le cas d\u2019un accompagnement \u00e9picerie. Ce service est offert dans l\u2019esprit d\u2019un soutien \u00e0 domicile r\u00e9pondant ainsi aux besoins d\u2019une client\u00e8le \u00e2g\u00e9e en perte d\u2019autonomie.<\/p>\n\n\n\n<p>Thanks to the support of a volunteer, customers benefit from support and help. A reassuring presence and a feeling of trust are the keys to the effectiveness of this essential service for our seniors. Note that all volunteers must submit to a&nbsp;<a href=\"https:\/\/cabartisans.org\/wp-content\/uploads\/2020\/09\/Processus-de-filtrage.pdf\">interview process including screening<\/a> by the police department.<\/p>\n\n\n\n<p class=\"has-black-color has-text-color\"><br><strong>PROCEDURES<\/strong><\/p>\n\n\n\n<p class=\"has-black-color has-text-color\">Toutes les demandes doivent obligatoirement \u00eatre achemin\u00e9es au bureau du CAB Les Artisans de l\u2019Aide, afin de d\u00e9terminer l\u2019admissibilit\u00e9 au service, d\u2019apr\u00e8s les crit\u00e8res \u00e9num\u00e9r\u00e9s ci-dessous. Vous pouvez nous contacter au <strong>450\u00a0472-9540<\/strong> poste&nbsp;0.<\/p>\n\n\n<ul aria-label=\"Write list\u2026\" role=\"textbox\" aria-multiline=\"true\" class=\"block-editor-block-list__block wp-block is-selected rich-text block-editor-rich-text__editable is-hovered wp-block\" id=\"block-2d36251c-5781-4280-bece-e617e1c0e954\" data-block=\"2d36251c-5781-4280-bece-e617e1c0e954\" data-type=\"core\/list\" data-title=\"List\" contenteditable=\"true\" tabindex=\"0\">\n<li><span style=\"color: #000000;\">Anyone with a loss of autonomy, whether they are 65 years of age and over, sick or disabled who need the support of a volunteer for their medical appointments or their grocery shopping.<\/span><\/li>\n<li><span style=\"color: #000000;\">Toute personne \u00e9valu\u00e9e et r\u00e9f\u00e9r\u00e9e par un intervenant du r\u00e9seau de la sant\u00e9 et des services sociaux et qui r\u00e9pond \u00e0 ces crit\u00e8res.<\/span><\/li>\n<li><span style=\"color: #000000;\">La demande doit \u00eatre achemin\u00e9e au moins 72 heures (3 jours ouvrables) \u00e0 l\u2019avance. <em>No request is accepted the same morning<\/em>.<\/span><\/li>\n<li><span style=\"color: #000000;\">Customers must pay a financial contribution, confirmed before transport.<\/span><\/li>\n<li><span style=\"color: #000000;\">Clients may be accompanied by a third party for their medical appointments only. (<strong>SAUF EN P\u00c9RIODE DE COVID<\/strong>)<\/span><\/li>\n<\/ul>\n<p>You are interested in a&nbsp;<strong>volunteer involvement&nbsp;<\/strong>? Inscrivez-vous: <a href=\"https:\/\/cabartisans.org\/en\/devenir-benevole-2\/\" data-type=\"URL\" data-id=\"https:\/\/cabartisans.org\/devenir-benevole-2\/\">Je veux \u00eatre b\u00e9n\u00e9vole<\/a><\/p>\n\n\n<div style=\"height:65px\" aria-hidden=\"true\" class=\"wp-block-spacer\"><\/div>\n\n\n\n<p><\/p>","protected":false},"excerpt":{"rendered":"<p>FORMULAIRE DE DEMANDE DE SERVICE CONSERVEZ VOTRE IND\u00c9PENDANCE&nbsp;! Afin de vous faciliter la vie ou celle de vos proches et r\u00e9pondre \u00e0 vos besoins de d\u00e9placements, nous offrons le service d\u2019accompagnement-m\u00e9dical ou d\u2019\u00e9picerie. Nos b\u00e9n\u00e9voles vous accompagnent pour tous les rendez-vous m\u00e9dicaux reli\u00e9s \u00e0 la sant\u00e9 si vous \u00eates \u00e2g\u00e9 [&hellip;]<\/p>","protected":false},"author":1,"featured_media":0,"parent":0,"menu_order":0,"comment_status":"closed","ping_status":"closed","template":"","meta":{"_monsterinsights_skip_tracking":false,"_monsterinsights_sitenote_active":false,"_monsterinsights_sitenote_note":"","_monsterinsights_sitenote_category":0,"footnotes":""},"_links":{"self":[{"href":"https:\/\/cabartisans.org\/en\/wp-json\/wp\/v2\/pages\/51"}],"collection":[{"href":"https:\/\/cabartisans.org\/en\/wp-json\/wp\/v2\/pages"}],"about":[{"href":"https:\/\/cabartisans.org\/en\/wp-json\/wp\/v2\/types\/page"}],"author":[{"embeddable":true,"href":"https:\/\/cabartisans.org\/en\/wp-json\/wp\/v2\/users\/1"}],"replies":[{"embeddable":true,"href":"https:\/\/cabartisans.org\/en\/wp-json\/wp\/v2\/comments?post=51"}],"version-history":[{"count":24,"href":"https:\/\/cabartisans.org\/en\/wp-json\/wp\/v2\/pages\/51\/revisions"}],"predecessor-version":[{"id":1629,"href":"https:\/\/cabartisans.org\/en\/wp-json\/wp\/v2\/pages\/51\/revisions\/1629"}],"wp:attachment":[{"href":"https:\/\/cabartisans.org\/en\/wp-json\/wp\/v2\/media?parent=51"}],"curies":[{"name":"wp","href":"https:\/\/api.w.org\/{rel}","templated":true}]}}