{"id":35,"date":"2020-08-05T11:54:58","date_gmt":"2020-08-05T15:54:58","guid":{"rendered":"https:\/\/cabartisans.org\/?page_id=35"},"modified":"2024-07-25T10:33:04","modified_gmt":"2024-07-25T14:33:04","slug":"representations-et-concertations","status":"publish","type":"page","link":"https:\/\/cabartisans.org\/en\/representations-et-concertations\/","title":{"rendered":"Representations and consultations"},"content":{"rendered":"<div class=\"wp-block-columns is-layout-flex wp-container-core-columns-layout-1 wp-block-columns-is-layout-flex\">\n<div class=\"wp-block-column is-layout-flow wp-block-column-is-layout-flow\">\n<p class=\"has-black-color has-text-color has-normal-font-size\"><strong>Deux-Montagnes and Mirabel Sud community collective<\/strong><\/p>\n\n\n\n<div style=\"height:20px\" aria-hidden=\"true\" class=\"wp-block-spacer\"><\/div>\n\n\n<div class=\"wp-block-image\">\n<figure class=\"alignleft size-large\"><img loading=\"lazy\" decoding=\"async\" width=\"160\" height=\"100\" src=\"https:\/\/cabartisans.org\/wp-content\/uploads\/2020\/09\/Collectif_Communautaire_Deux-Montagnes_Et_Mirabel_Sud-min.jpg\" alt=\"\" class=\"wp-image-425\"\/><\/figure><\/div>\n\n\n<p class=\"has-black-color has-text-color has-normal-font-size\">This group is responsible for the promotion and defense of the interests of community organizations in the MRC Deux-Montagnes and south of Mirabel as well as the clienteles served. It is the bridge between community organizations and the ROCL (<em>Group of community organizations in the Laurentians<\/em>). It encourages sharing and collaboration between organizations. In October of each year, the group holds a special activity during the visibility week of community organizations.<\/p>\n\n\n\n<p><\/p>\n<\/div>\n\n\n\n<div class=\"wp-block-column is-layout-flow wp-block-column-is-layout-flow\">\n<p class=\"has-black-color has-text-color has-normal-font-size\"><strong>Elder abuse prevention committee of the Deux-Montagnes and Sud de Mirabel RCMs<\/strong><\/p>\n\n\n<div class=\"wp-block-image\">\n<figure class=\"alignleft size-large\"><img loading=\"lazy\" decoding=\"async\" width=\"71\" height=\"114\" src=\"https:\/\/cabartisans.org\/wp-content\/uploads\/2020\/09\/Comite_de_prevention_des_abus_envers_les_aines_des_MRC_Deux-Montagnes_et_Mirabel-min.jpg\" alt=\"\" class=\"wp-image-426\"\/><\/figure><\/div>\n\n\n<p class=\"has-black-color has-text-color has-normal-font-size\">Composed of representatives of organizations, establishments and police forces, this committee aims to raise public awareness of the problems of abuse and mistreatment by disseminating information, developing partnerships and organizing activities or events. . In addition, the development of a prevention and intervention protocol to counter mistreatment is at the heart of the discussions and procedures.&nbsp;<\/p>\n\n\n\n<p><\/p>\n<\/div>\n<\/div>\n\n\n\n<div class=\"wp-block-columns is-layout-flex wp-container-core-columns-layout-2 wp-block-columns-is-layout-flex\">\n<div class=\"wp-block-column is-layout-flow wp-block-column-is-layout-flow\">\n<p class=\"has-black-color has-text-color has-normal-font-size\"><strong>Coop Aide chez soi<\/strong><\/p>\n\n\n\n<div style=\"height:20px\" aria-hidden=\"true\" class=\"wp-block-spacer\"><\/div>\n\n\n<div class=\"wp-block-image\">\n<figure class=\"alignleft size-large is-resized\"><img loading=\"lazy\" decoding=\"async\" width=\"1024\" height=\"745\" src=\"https:\/\/cabartisans.org\/wp-content\/uploads\/2020\/09\/AideChezSoi_Logo-min-1024x745.jpg\" alt=\"\" class=\"wp-image-730\" style=\"width:155px;height:127px\" srcset=\"\" sizes=\"(max-width: 1024px) 100vw, 1024px\" data-srcset=\"\" \/><\/figure><\/div>\n\n\n<p class=\"has-black-color has-text-color has-normal-font-size\">Created in 1998, the Cooperative offers housekeeping services to the entire population, but particularly to seniors and people with loss of autonomy. Its objective is to establish a partnership with the community for the provision of domestic help services. The two volunteer action centers covering the territory of the Cooperative are represented on the board of directors.&nbsp;<a href=\"https:\/\/aidechezsoi.com\/\" data-type=\"URL\" data-id=\"https:\/\/aidechezsoi.com\/\" target=\"_blank\" rel=\"noreferrer noopener\">www.aidechezsoi.com<\/a><\/p>\n\n\n\n<p><\/p>\n<\/div>\n\n\n\n<div class=\"wp-block-column is-layout-flow wp-block-column-is-layout-flow\">\n<p class=\"has-black-color has-text-color has-normal-font-size\"><strong>Quebec Federation of Volunteer Action Centers (FCABQ)<\/strong><\/p>\n\n\n<div class=\"wp-block-image\">\n<figure class=\"alignleft size-large is-resized\"><img loading=\"lazy\" decoding=\"async\" width=\"185\" height=\"75\" src=\"https:\/\/cabartisans.org\/wp-content\/uploads\/2020\/09\/FCABQ-min.jpg\" alt=\"\" class=\"wp-image-427\" style=\"width:162px;height:66px\"\/><\/figure><\/div>\n\n\n<p class=\"has-black-color has-text-color has-normal-font-size\">Established in 1972, the Federation is a non-profit organization that brings together 110 centers in all regions of Quebec. She sponsors Volunteer Week. In addition to providing its members with a documentation center and organizing an annual conference, it sees to the interests of volunteer centers and is involved in the development of government policies.&nbsp;<a rel=\"noreferrer noopener\" href=\"http:\/\/www.fcabq.org\/\" target=\"_blank\">www.fcabq.org<\/a><\/p>\n\n\n\n<p><\/p>\n<\/div>\n<\/div>\n\n\n\n<div class=\"wp-block-columns is-layout-flex wp-container-core-columns-layout-3 wp-block-columns-is-layout-flex\">\n<div class=\"wp-block-column is-layout-flow wp-block-column-is-layout-flow\">\n<p class=\"has-black-color has-text-color has-normal-font-size\"><strong>Family policy of the city of Saint-Eustache (senior-friendly municipality approach)<\/strong><\/p>\n\n\n<div class=\"wp-block-image\">\n<figure class=\"alignleft size-large is-resized\"><img loading=\"lazy\" decoding=\"async\" width=\"256\" height=\"100\" src=\"https:\/\/cabartisans.org\/wp-content\/uploads\/2020\/09\/Politique_familiale_de_la_ville_de_Saint-Eustache-min.jpg\" alt=\"\" class=\"wp-image-428\" style=\"width:171px;height:67px\"\/><\/figure><\/div>\n\n\n<p class=\"has-black-color has-text-color has-normal-font-size\">Since 2004, the City of Saint-Eustache has adopted a family policy that has improved over the years. The municipality has brought together various partners for the development, application and integration of a specific component into the municipality's age-friendly approach. We represented the senior clientele and influenced the steps and actions to be taken.<a rel=\"noreferrer noopener\" href=\"https:\/\/www.saint-eustache.ca\/citoyens-vie-communautaire\/aines\" target=\"_blank\">&nbsp;www.saint-eustache.ca<\/a><\/p>\n\n\n\n<p><\/p>\n<\/div>\n\n\n\n<div class=\"wp-block-column is-layout-flow wp-block-column-is-layout-flow\">\n<p class=\"has-black-color has-text-color has-normal-font-size\"><strong>Seniors Roundtable<\/strong><\/p>\n\n\n\n<div style=\"height:40px\" aria-hidden=\"true\" class=\"wp-block-spacer\"><\/div>\n\n\n<div class=\"wp-block-image\">\n<figure class=\"alignleft size-large is-resized\"><img loading=\"lazy\" decoding=\"async\" width=\"1024\" height=\"312\" src=\"https:\/\/cabartisans.org\/wp-content\/uploads\/2020\/09\/table_aines_logo_2019-min-1024x312.jpg\" alt=\"\" class=\"wp-image-580\" style=\"width:184px;height:81px\" srcset=\"\" sizes=\"(max-width: 1024px) 100vw, 1024px\" data-srcset=\"\" \/><\/figure><\/div>\n\n\n<p class=\"has-black-color has-text-color has-normal-font-size\">Established in 1989, this consultation body brings together health and social services establishments, community organizations and representatives of municipalities. The meetings facilitate the flow of information, identify areas of involvement in issues concerning seniors and establish an annual action plan.&nbsp;<\/p>\n\n\n\n<p><\/p>\n<\/div>\n<\/div>\n\n\n\n<div class=\"wp-block-columns is-layout-flex wp-container-core-columns-layout-4 wp-block-columns-is-layout-flex\">\n<div class=\"wp-block-column is-layout-flow wp-block-column-is-layout-flow\">\n<p class=\"has-black-color has-text-color has-normal-font-size\"><strong>Association of Community Organizations of the Laurentians (ROCL)<\/strong><\/p>\n\n\n\n<div style=\"height:20px\" aria-hidden=\"true\" class=\"wp-block-spacer\"><\/div>\n\n\n<div class=\"wp-block-image\">\n<figure class=\"alignleft size-large is-resized\"><img loading=\"lazy\" decoding=\"async\" width=\"263\" height=\"100\" src=\"https:\/\/cabartisans.org\/wp-content\/uploads\/2020\/09\/ROCL-min.png\" alt=\"\" class=\"wp-image-430\" style=\"width:185px;height:70px\"\/><\/figure><\/div>\n\n\n<p class=\"has-black-color has-text-color has-normal-font-size\">This group defends the rights and interests of more than 150 community member organizations in the Laurentians. The ROCL aims for a society of justice, equity, solidarity and democracy. He is involved in the development of government policies. It provides support to organizations by offering them more than a dozen training sessions each year in addition to publishing an information journal on a regular basis.&nbsp;<a rel=\"noreferrer noopener\" href=\"http:\/\/www.roclaurentides.com\/\" target=\"_blank\">www.roclaurentides.com<\/a><\/p>\n\n\n\n<p><\/p>\n<\/div>\n\n\n\n<div class=\"wp-block-column is-layout-flow wp-block-column-is-layout-flow\">\n<p class=\"has-black-color has-text-color has-normal-font-size\"><strong>Group of meals on wheels and other voluntary food services (PRASAB)<\/strong><\/p>\n\n\n<div class=\"wp-block-image\">\n<figure class=\"alignleft size-large is-resized\"><img loading=\"lazy\" decoding=\"async\" width=\"264\" height=\"110\" src=\"https:\/\/cabartisans.org\/wp-content\/uploads\/2020\/09\/PRASAB-min.png\" alt=\"\" class=\"wp-image-429\" style=\"width:193px;height:80px\"\/><\/figure><\/div>\n\n\n<p class=\"has-black-color has-text-color has-normal-font-size\">This group brings together voluntary organizations offering meals or food to people with loss of autonomy. It promotes the exchange of information with the publication of a newsletter on a regular basis. He educates the community and represents the members to various government authorities. It organizes an annual congress.&nbsp;<a rel=\"noreferrer noopener\" href=\"http:\/\/www.popotes.org\/\" target=\"_blank\">www.popotes.org<\/a><\/p>\n\n\n\n<p><\/p>\n<\/div>\n<\/div>\n\n\n\n<div class=\"wp-block-columns is-layout-flex wp-container-core-columns-layout-5 wp-block-columns-is-layout-flex\">\n<div class=\"wp-block-column is-layout-flow wp-block-column-is-layout-flow\">\n<p class=\"has-black-color has-text-color has-normal-font-size\"><strong>Association of Laurentian Volunteer Action Centers (RCABL)<\/strong><\/p>\n\n\n\n<p class=\"has-black-color has-text-color has-normal-font-size\">It brings together the seven volunteer action centers in the Laurentians. The directors meet regularly to discuss issues, issues, visions and mobilization. The group has delegated a representative to the FCABQ board of directors and to the ROCL board of directors.<\/p>\n\n\n\n<p><\/p>\n<\/div>\n\n\n\n<div class=\"wp-block-column is-layout-flow wp-block-column-is-layout-flow\">\n<p class=\"has-black-color has-text-color has-normal-font-size\"><strong>Community and compensatory work<\/strong><\/p>\n\n\n\n<p class=\"has-black-color has-text-color has-normal-font-size\">We work closely with the Laval Volunteer Center and the Ministry of Justice regarding community or compensatory work. We supervise the hours and work done by offenders.<\/p>\n\n\n\n<p><\/p>\n<\/div>\n<\/div>\n\n\n\n<p class=\"has-black-color has-text-color\">Nos employ\u00e9s et intervenantes sont aussi tr\u00e8s impliqu\u00e9es entre autres sur les comit\u00e9s et tables suivantes :<\/p>\n\n\n<ul aria-label=\"Write list\u2026\" role=\"textbox\" aria-multiline=\"true\" class=\"block-editor-block-list__block wp-block is-selected rich-text block-editor-rich-text__editable wp-block\" id=\"block-2034c15c-3094-48fd-b0f4-a29818b0a58f\" data-block=\"2034c15c-3094-48fd-b0f4-a29818b0a58f\" data-type=\"core\/list\" data-title=\"List\" contenteditable=\"true\" tabindex=\"0\">\n<li><span style=\"color: #000000;\">COMMITTEE FOR THE PREVENTION OF ABUSE AGAINST SENIORS OF THE DEUX-MONTAGNES AND SOUTHERN MIRABEL MRCs (LOCAL)<\/span><\/li>\n<li><span style=\"color: #000000;\">LAURENTIAN SENIORS CONSULTATION TABLE (MALTREATMENT SECTION)<\/span><\/li>\n<li><span style=\"color: #000000;\">POVERTY CONCERTATION TABLE (TO SEE AFTER THE FIRST MEETING)<\/span><\/li>\n<li><span style=\"color: #000000;\">SENIOR SUB-COMMITTEE IN ACTION OF THE MIRABELLOISE COMMUNITY CONCERTATION TABLE<\/span><\/li>\n<li><span style=\"color: #000000;\">COMIT\u00c9 MADA DE STE-MARTHE-SUR-LE-LAC &#8211; OKA &#8211; MIRABEL<\/span><\/li>\n<li><span style=\"color: #000000;\">ITMAV LAVAL-LAURENTIDES-LANAUDI\u00c8RE COMMUNITY LEARNING COMMITTEE<\/span><\/li>\n<li><span style=\"color: #000000;\">CAREGIVERS COMMITTEE<\/span><\/li>\n<li><span style=\"color: #000000;\">LOCAL DMSM COMMITTEE<\/span><\/li>\n<\/ul>\n\n\n<div style=\"height:65px\" aria-hidden=\"true\" class=\"wp-block-spacer\"><\/div>","protected":false},"excerpt":{"rendered":"<p>Collectif communautaire Deux-Montagnes et Mirabel Sud Ce regroupement s&rsquo;occupe de la promotion et de la d\u00e9fense des int\u00e9r\u00eats des organismes communautaires des MRC Deux-Montagnes et sud de Mirabel ainsi que des client\u00e8les desservies. Il est le pont entre les organismes communautaires et le ROCL (Regroupement des organismes communautaires des Laurentides). [&hellip;]<\/p>","protected":false},"author":1,"featured_media":0,"parent":0,"menu_order":0,"comment_status":"closed","ping_status":"closed","template":"","meta":{"_monsterinsights_skip_tracking":false,"_monsterinsights_sitenote_active":false,"_monsterinsights_sitenote_note":"","_monsterinsights_sitenote_category":0,"footnotes":""},"_links":{"self":[{"href":"https:\/\/cabartisans.org\/en\/wp-json\/wp\/v2\/pages\/35"}],"collection":[{"href":"https:\/\/cabartisans.org\/en\/wp-json\/wp\/v2\/pages"}],"about":[{"href":"https:\/\/cabartisans.org\/en\/wp-json\/wp\/v2\/types\/page"}],"author":[{"embeddable":true,"href":"https:\/\/cabartisans.org\/en\/wp-json\/wp\/v2\/users\/1"}],"replies":[{"embeddable":true,"href":"https:\/\/cabartisans.org\/en\/wp-json\/wp\/v2\/comments?post=35"}],"version-history":[{"count":46,"href":"https:\/\/cabartisans.org\/en\/wp-json\/wp\/v2\/pages\/35\/revisions"}],"predecessor-version":[{"id":1685,"href":"https:\/\/cabartisans.org\/en\/wp-json\/wp\/v2\/pages\/35\/revisions\/1685"}],"wp:attachment":[{"href":"https:\/\/cabartisans.org\/en\/wp-json\/wp\/v2\/media?parent=35"}],"curies":[{"name":"wp","href":"https:\/\/api.w.org\/{rel}","templated":true}]}}