{"id":34,"date":"2020-08-05T11:54:58","date_gmt":"2020-08-05T15:54:58","guid":{"rendered":"https:\/\/cabartisans.org\/?page_id=34"},"modified":"2026-02-10T11:37:19","modified_gmt":"2026-02-10T16:37:19","slug":"notre-equipe","status":"publish","type":"page","link":"https:\/\/cabartisans.org\/en\/notre-equipe\/","title":{"rendered":"Our team"},"content":{"rendered":"<h4 class=\"wp-block-heading has-text-align-center has-black-color has-text-color\" id=\"l-equipe-a-la-permanence-est-composee-de-12-personnes\">L\u2019\u00c9quipe \u00e0 la permanence est compos\u00e9e de 10 personnes.<\/h4>\n\n\n\n<figure class=\"wp-block-table is-style-stripes\"><table><tbody><tr><td><strong>JOS\u00c9E PERRIER<\/strong><\/td><td><\/td><\/tr><tr><td>Direction g\u00e9n\u00e9rale<\/td><td><\/td><\/tr><tr><td>450 472-9540 Poste 1226<\/td><td><\/td><\/tr><tr><td><a href=\"mailto:jperrier@cabartisans.org\" data-type=\"mailto\" data-id=\"mailto:jperrier@cabartisans.org\" target=\"_blank\" rel=\"noreferrer noopener\">Courriel<\/a><\/td><td><\/td><\/tr><tr><td><\/td><td><\/td><\/tr><\/tbody><\/table><\/figure>\n\n\n\n<figure class=\"wp-block-table is-style-stripes\"><table><tbody><tr><td><strong>YANINA TREMBLAY<\/strong><\/td><td><\/td><\/tr><tr><td>Responsable des services communautaires et administratifs<\/td><td><\/td><\/tr><tr><td>450 472-9540 Poste 1223<\/td><td><\/td><\/tr><tr><td><a href=\"mailto:ytremblay@cabartisans.org\" data-type=\"mailto\" target=\"_blank\" rel=\"noreferrer noopener\">Courriel<\/a><\/td><td><\/td><\/tr><tr><td><\/td><td><\/td><\/tr><\/tbody><\/table><\/figure>\n\n\n\n<figure class=\"wp-block-table is-style-stripes\"><table><tbody><tr><td><strong>H\u00c9L\u00c8NE MARTINEAU<\/strong><\/td><td><\/td><\/tr><tr><td>Travailleuse de milieu aupr\u00e8s des ain\u00e9s vuln\u00e9rables (ITMAV) &#8211; <em>Deux-Montagnes, Pointe-Calumet, Oka, Saint-Placide, Sainte-Marthe-sur-le-lac, Saint-Joseph-du-Lac, Saint-Augustin, Saint-Benoit, Saint-Hermas, Saint-J\u00e9rusalem, Sainte-Scholastique<\/em><\/td><td><\/td><\/tr><tr><td>450 472-9540 Poste 1222<\/td><td><\/td><\/tr><tr><td><a href=\"mailto:hmartineau@cabartisans.org\" data-type=\"mailto\" target=\"_blank\" rel=\"noreferrer noopener\">Courriel<\/a><\/td><td><\/td><\/tr><tr><td><\/td><td><\/td><\/tr><\/tbody><\/table><\/figure>\n\n\n\n<figure class=\"wp-block-table is-style-stripes\"><table><tbody><tr><td><strong>\u00c9MYLIE CHEVRIER-LEGAULT<\/strong><\/td><td><\/td><\/tr><tr><td>Travailleuse de milieu aupr\u00e8s des ain\u00e9s vuln\u00e9rables (ITMAV) &#8211; <em>Ville de Saint-Eustache seulement<\/em><\/td><td><\/td><\/tr><tr><td>450 472-9540 Poste 1227<\/td><td><\/td><\/tr><tr><td><a href=\"mailto:eclegault@cabartisans.org\" data-type=\"mailto\" target=\"_blank\" rel=\"noreferrer noopener\">Courriel<\/a><\/td><td><\/td><\/tr><tr><td><\/td><td><\/td><\/tr><\/tbody><\/table><\/figure>\n\n\n\n<figure class=\"wp-block-table is-style-stripes\"><table><tbody><tr><td><strong>C\u00c9CILE ABEL<\/strong><\/td><td><\/td><\/tr><tr><td>Intervenant aupr\u00e8s des proches aidants d&rsquo;ain\u00e9s<\/td><td><\/td><\/tr><tr><td>450 472-9540 Poste 1229<\/td><td><\/td><\/tr><tr><td><a href=\"mailto:cabel@cabartisans.org\" data-type=\"mailto\" target=\"_blank\" rel=\"noreferrer noopener\">Courriel<\/a><\/td><td><\/td><\/tr><tr><td><\/td><td><\/td><\/tr><\/tbody><\/table><\/figure>\n\n\n\n<figure class=\"wp-block-table is-style-stripes\"><table><tbody><tr><td><strong>ISABELLE CYRENNE<\/strong><\/td><td><\/td><\/tr><tr><td>Coordonnatrice \u00e0 l&rsquo;action b\u00e9n\u00e9vole<\/td><td><\/td><\/tr><tr><td>450 472-9540 Poste 1232<\/td><td><\/td><\/tr><tr><td><a href=\"mailto:icyrenne@cabartisans.org\" data-type=\"mailto\" target=\"_blank\" rel=\"noreferrer noopener\">Courriel<\/a><\/td><td><\/td><\/tr><tr><td><\/td><td><\/td><\/tr><\/tbody><\/table><\/figure>\n\n\n\n<figure class=\"wp-block-table is-style-stripes\"><table><tbody><tr><td><strong>MARYSE LAPOINTE<\/strong><\/td><td><\/td><\/tr><tr><td>Coordonnatrice \u00e0 l&rsquo;accompagnement-transport<\/td><td><\/td><\/tr><tr><td>450 472-9540 Poste 1228<\/td><td><\/td><\/tr><tr><td><a href=\"mailto:mlapointe@cabartisans.org\" data-type=\"mailto\" target=\"_blank\" rel=\"noreferrer noopener\">Courriel<\/a><\/td><td><\/td><\/tr><tr><td><\/td><td><\/td><\/tr><\/tbody><\/table><\/figure>\n\n\n\n<figure class=\"wp-block-table is-style-stripes\"><table><tbody><tr><td><strong>VAL\u00c9RIE JOYAL<\/strong><\/td><td><\/td><\/tr><tr><td>Coordonnateurs \u00c9quipe CES<\/td><td><\/td><\/tr><tr><td>450 472-9540 Poste 1233<\/td><td><\/td><\/tr><tr><td><a href=\"mailto:equipeces@cabartisans.org\" data-type=\"mailto\" target=\"_blank\" rel=\"noreferrer noopener\">Courriel<\/a><\/td><td><\/td><\/tr><tr><td><\/td><td><\/td><\/tr><\/tbody><\/table><\/figure>\n\n\n\n<figure class=\"wp-block-table is-style-stripes\"><table><tbody><tr><td><strong>MANON LEFEBVRE<\/strong><\/td><td><\/td><\/tr><tr><td>Coordonnatrice de la popote roulante<\/td><td><\/td><\/tr><tr><td>450 472-9540 Poste 1225<\/td><td><\/td><\/tr><tr><td><a href=\"mailto:mlefebvre@cabartisans.org\" data-type=\"mailto\" target=\"_blank\" rel=\"noreferrer noopener\">Courriel<\/a><\/td><td><\/td><\/tr><tr><td><\/td><td><\/td><\/tr><\/tbody><\/table><\/figure>\n\n\n\n<figure class=\"wp-block-table is-style-stripes\"><table><tbody><tr><td><strong>DANY FRAPPIER<\/strong><\/td><td><\/td><\/tr><tr><td>Cuisini\u00e8re<\/td><td><\/td><\/tr><tr><td>450 472-9540 Poste 1225<\/td><td><\/td><\/tr><tr><td><a href=\"mailto:info@cabartisans.org\" data-type=\"mailto\" target=\"_blank\" rel=\"noreferrer noopener\">Courriel<\/a><\/td><td><\/td><\/tr><tr><td><\/td><td><\/td><\/tr><\/tbody><\/table><\/figure>\n\n\n\n<figure class=\"wp-block-table is-style-stripes\"><table><tbody><tr><td><strong>ANNIE LEFEBVRE<\/strong><\/td><td><\/td><\/tr><tr><td>Coordonnatrice du Carrefour 50+ (activit\u00e9s)<\/td><td><\/td><\/tr><tr><td>450 472-9540 Poste 1224<\/td><td><\/td><\/tr><tr><td><a href=\"mailto:alefebvre@cabartisans.org\" data-type=\"mailto\" target=\"_blank\" rel=\"noreferrer noopener\">Courriel<\/a><\/td><td><\/td><\/tr><tr><td><\/td><td><\/td><\/tr><\/tbody><\/table><\/figure>\n\n\n\n<p><\/p>\n\n\n\n<p><\/p>","protected":false},"excerpt":{"rendered":"<p>L\u2019\u00c9quipe \u00e0 la permanence est compos\u00e9e de 10 personnes. JOS\u00c9E PERRIER Direction g\u00e9n\u00e9rale 450 472-9540 Poste 1226 Courriel YANINA TREMBLAY Responsable des services communautaires et administratifs 450 472-9540 Poste 1223 Courriel H\u00c9L\u00c8NE MARTINEAU Travailleuse de milieu aupr\u00e8s des ain\u00e9s vuln\u00e9rables (ITMAV) &#8211; Deux-Montagnes, Pointe-Calumet, Oka, Saint-Placide, Sainte-Marthe-sur-le-lac, Saint-Joseph-du-Lac, Saint-Augustin, Saint-Benoit, [&hellip;]<\/p>","protected":false},"author":1,"featured_media":0,"parent":0,"menu_order":0,"comment_status":"closed","ping_status":"closed","template":"","meta":{"_monsterinsights_skip_tracking":false,"_monsterinsights_sitenote_active":false,"_monsterinsights_sitenote_note":"","_monsterinsights_sitenote_category":0,"footnotes":""},"_links":{"self":[{"href":"https:\/\/cabartisans.org\/en\/wp-json\/wp\/v2\/pages\/34"}],"collection":[{"href":"https:\/\/cabartisans.org\/en\/wp-json\/wp\/v2\/pages"}],"about":[{"href":"https:\/\/cabartisans.org\/en\/wp-json\/wp\/v2\/types\/page"}],"author":[{"embeddable":true,"href":"https:\/\/cabartisans.org\/en\/wp-json\/wp\/v2\/users\/1"}],"replies":[{"embeddable":true,"href":"https:\/\/cabartisans.org\/en\/wp-json\/wp\/v2\/comments?post=34"}],"version-history":[{"count":68,"href":"https:\/\/cabartisans.org\/en\/wp-json\/wp\/v2\/pages\/34\/revisions"}],"predecessor-version":[{"id":1759,"href":"https:\/\/cabartisans.org\/en\/wp-json\/wp\/v2\/pages\/34\/revisions\/1759"}],"wp:attachment":[{"href":"https:\/\/cabartisans.org\/en\/wp-json\/wp\/v2\/media?parent=34"}],"curies":[{"name":"wp","href":"https:\/\/api.w.org\/{rel}","templated":true}]}}