{"id":32,"date":"2020-08-05T11:54:57","date_gmt":"2020-08-05T15:54:57","guid":{"rendered":"https:\/\/cabartisans.org\/?page_id=32"},"modified":"2026-02-10T11:38:57","modified_gmt":"2026-02-10T16:38:57","slug":"conseil-dadministration","status":"publish","type":"page","link":"https:\/\/cabartisans.org\/en\/conseil-dadministration\/","title":{"rendered":"Board of directors"},"content":{"rendered":"<p class=\"has-black-color has-text-color\">Les op\u00e9rations du Centre d\u2019action b\u00e9n\u00e9vole sont administr\u00e9es par un conseil d&rsquo;administration compos\u00e9 de sept membres en r\u00e8gle, \u00e9lus lors de l\u2019assembl\u00e9e g\u00e9n\u00e9rale annuelle. Les membres tiennent un r\u00f4le de surveillance de la gestion de l\u2019organisme, r\u00f4le qu&rsquo;ils doivent exercer de fa\u00e7on raisonnable, avec diligence et loyaut\u00e9.<\/p>\n\n\n\n<p class=\"has-black-color has-text-color\">The board of directors held ten meetings during the last fiscal year. Here is the composition of the board of directors elected at the general meeting:<\/p>\n\n\n\n<p><\/p>\n\n\n\n<p><\/p>\n\n\n\n<p class=\"has-text-align-center has-black-color has-text-color\">Lise Gervais, Pr\u00e9sidente<\/p>\n\n\n\n<p class=\"has-text-align-center has-black-color has-text-color\">Danielle Charbonneau, Vice-Pr\u00e9sidente<br>Joanne Leclerc, Treasurer<br>Suzanne Poirier, secr\u00e9taire<br>Jules Thibodeau, Administrateur<br>Lisette Therrien, Administrator<br>Raymond Tessier, Administrateur<br><\/p>\n\n\n\n<p class=\"has-black-color has-text-color\"><br><strong>GENERAL ASSEMBLY<\/strong><\/p>\n\n\n\n<p class=\"has-black-color has-text-color\">The annual general meeting must be held, according to our general regulations, within three months of the end of the fiscal year, at the place and on the date fixed by the board of directors.<\/p>\n\n\n\n<div style=\"height:65px\" aria-hidden=\"true\" class=\"wp-block-spacer\"><\/div>","protected":false},"excerpt":{"rendered":"<p>Les op\u00e9rations du Centre d\u2019action b\u00e9n\u00e9vole sont administr\u00e9es par un conseil d&rsquo;administration compos\u00e9 de sept membres en r\u00e8gle, \u00e9lus lors de l\u2019assembl\u00e9e g\u00e9n\u00e9rale annuelle. Les membres tiennent un r\u00f4le de surveillance de la gestion de l\u2019organisme, r\u00f4le qu&rsquo;ils doivent exercer de fa\u00e7on raisonnable, avec diligence et loyaut\u00e9. Le conseil d&rsquo;administration [&hellip;]<\/p>","protected":false},"author":1,"featured_media":0,"parent":0,"menu_order":0,"comment_status":"closed","ping_status":"closed","template":"","meta":{"_monsterinsights_skip_tracking":false,"_monsterinsights_sitenote_active":false,"_monsterinsights_sitenote_note":"","_monsterinsights_sitenote_category":0,"footnotes":""},"_links":{"self":[{"href":"https:\/\/cabartisans.org\/en\/wp-json\/wp\/v2\/pages\/32"}],"collection":[{"href":"https:\/\/cabartisans.org\/en\/wp-json\/wp\/v2\/pages"}],"about":[{"href":"https:\/\/cabartisans.org\/en\/wp-json\/wp\/v2\/types\/page"}],"author":[{"embeddable":true,"href":"https:\/\/cabartisans.org\/en\/wp-json\/wp\/v2\/users\/1"}],"replies":[{"embeddable":true,"href":"https:\/\/cabartisans.org\/en\/wp-json\/wp\/v2\/comments?post=32"}],"version-history":[{"count":15,"href":"https:\/\/cabartisans.org\/en\/wp-json\/wp\/v2\/pages\/32\/revisions"}],"predecessor-version":[{"id":1760,"href":"https:\/\/cabartisans.org\/en\/wp-json\/wp\/v2\/pages\/32\/revisions\/1760"}],"wp:attachment":[{"href":"https:\/\/cabartisans.org\/en\/wp-json\/wp\/v2\/media?parent=32"}],"curies":[{"name":"wp","href":"https:\/\/api.w.org\/{rel}","templated":true}]}}