{"id":31,"date":"2020-08-05T11:54:57","date_gmt":"2020-08-05T15:54:57","guid":{"rendered":"https:\/\/cabartisans.org\/?page_id=31"},"modified":"2025-08-08T10:46:20","modified_gmt":"2025-08-08T14:46:20","slug":"mot-du-president","status":"publish","type":"page","link":"https:\/\/cabartisans.org\/en\/mot-du-president\/","title":{"rendered":"Mot de la pr\u00e9sidente"},"content":{"rendered":"<div class=\"wp-block-media-text alignwide is-vertically-aligned-center is-stacked-on-mobile\" style=\"grid-template-columns:20% auto\"><figure class=\"wp-block-media-text__media\"><img loading=\"lazy\" decoding=\"async\" width=\"143\" height=\"188\" src=\"https:\/\/cabartisans.org\/wp-content\/uploads\/2025\/08\/LISE.png\" alt=\"\" class=\"wp-image-1728 size-full\" srcset=\"https:\/\/cabartisans.org\/wp-content\/uploads\/2025\/08\/LISE.png 143w, https:\/\/cabartisans.org\/wp-content\/uploads\/2025\/08\/LISE-9x12.png 9w\" sizes=\"(max-width: 143px) 100vw, 143px\" \/><\/figure><div class=\"wp-block-media-text__content\">\n<p>L\u2019accompagnement des a\u00een\u00e9s est une mission essentielle pour notre soci\u00e9t\u00e9 tout comme pour le CAB qui a \u00e0 c\u0153ur d\u2019assurer leur bien-\u00eatre et leur confort au quotidien.<\/p>\n\n\n\n<p>Le soutien que nous leur apportons contribue \u00e0 pr\u00e9server leur autonomie et leur dignit\u00e9, tout en incarnant un geste de solidarit\u00e9 inestimable. Gr\u00e2ce \u00e0 l\u2019engagement sans faille de nos b\u00e9n\u00e9voles et employ\u00e9s, nous b\u00e2tissons ensemble une soci\u00e9t\u00e9 plus inclusive et respectueuse des g\u00e9n\u00e9rations. Nous exprimons \u00e9galement notre profonde gratitude envers nos pr\u00e9cieux partenaires et collaborateurs. Votre g\u00e9n\u00e9rosit\u00e9 nous permet de concr\u00e9tiser nos projets. Gr\u00e2ce \u00e0 votre soutien, notre client\u00e8le b\u00e9n\u00e9ficie chaque jour d\u2019un accompagnement essentiel, am\u00e9liorant durablement leur qualit\u00e9 de vie.<\/p>\n\n\n\n<p>Je tiens \u00e0 adresser aux b\u00e9n\u00e9voles ma reconnaissance sinc\u00e8re, ainsi que celle des membres du conseil d\u2019administration, dont je me fais la porte-parole. Nous sommes admiratifs de votre engagement constant et impatient de poursuivre cette belle collaboration.<\/p>\n\n\n\n<p><em>Lise Gervais, pr\u00e9sidente<\/em><\/p>\n<\/div><\/div>\n\n\n\n<div style=\"height:65px\" aria-hidden=\"true\" class=\"wp-block-spacer\"><\/div>","protected":false},"excerpt":{"rendered":"<p>L\u2019accompagnement des a\u00een\u00e9s est une mission essentielle pour notre soci\u00e9t\u00e9 tout comme pour le CAB qui a \u00e0 c\u0153ur d\u2019assurer leur bien-\u00eatre et leur confort au quotidien. Le soutien que nous leur apportons contribue \u00e0 pr\u00e9server leur autonomie et leur dignit\u00e9, tout en incarnant un geste de solidarit\u00e9 inestimable. Gr\u00e2ce [&hellip;]<\/p>","protected":false},"author":1,"featured_media":0,"parent":0,"menu_order":0,"comment_status":"closed","ping_status":"closed","template":"","meta":{"_monsterinsights_skip_tracking":false,"_monsterinsights_sitenote_active":false,"_monsterinsights_sitenote_note":"","_monsterinsights_sitenote_category":0,"footnotes":""},"_links":{"self":[{"href":"https:\/\/cabartisans.org\/en\/wp-json\/wp\/v2\/pages\/31"}],"collection":[{"href":"https:\/\/cabartisans.org\/en\/wp-json\/wp\/v2\/pages"}],"about":[{"href":"https:\/\/cabartisans.org\/en\/wp-json\/wp\/v2\/types\/page"}],"author":[{"embeddable":true,"href":"https:\/\/cabartisans.org\/en\/wp-json\/wp\/v2\/users\/1"}],"replies":[{"embeddable":true,"href":"https:\/\/cabartisans.org\/en\/wp-json\/wp\/v2\/comments?post=31"}],"version-history":[{"count":19,"href":"https:\/\/cabartisans.org\/en\/wp-json\/wp\/v2\/pages\/31\/revisions"}],"predecessor-version":[{"id":1729,"href":"https:\/\/cabartisans.org\/en\/wp-json\/wp\/v2\/pages\/31\/revisions\/1729"}],"wp:attachment":[{"href":"https:\/\/cabartisans.org\/en\/wp-json\/wp\/v2\/media?parent=31"}],"curies":[{"name":"wp","href":"https:\/\/api.w.org\/{rel}","templated":true}]}}