{"id":30,"date":"2020-08-05T11:54:57","date_gmt":"2020-08-05T15:54:57","guid":{"rendered":"https:\/\/cabartisans.org\/?page_id=30"},"modified":"2024-03-19T14:16:05","modified_gmt":"2024-03-19T18:16:05","slug":"mot-de-la-direction-generale","status":"publish","type":"page","link":"https:\/\/cabartisans.org\/en\/mot-de-la-direction-generale\/","title":{"rendered":"Message from the general management"},"content":{"rendered":"<div class=\"wp-block-media-text alignwide is-vertically-aligned-center is-stacked-on-mobile\" style=\"grid-template-columns:22% auto\"><figure class=\"wp-block-media-text__media\"><img loading=\"lazy\" decoding=\"async\" width=\"284\" height=\"393\" src=\"https:\/\/cabartisans.org\/wp-content\/uploads\/2020\/09\/Josee_Direction_Generale_crop-min.jpg\" alt=\"Photo de Joes\u00e9e Perrier de la direction g\u00e9n\u00e9rale\" class=\"wp-image-366 size-full\" srcset=\"https:\/\/cabartisans.org\/wp-content\/uploads\/2020\/09\/Josee_Direction_Generale_crop-min.jpg 284w, https:\/\/cabartisans.org\/wp-content\/uploads\/2020\/09\/Josee_Direction_Generale_crop-min-217x300.jpg 217w\" sizes=\"(max-width: 284px) 100vw, 284px\" \/><\/figure><div class=\"wp-block-media-text__content\">\n<p class=\"has-black-color has-text-color has-normal-font-size\">I have been at the helm of the Artisans de l'Aide Volunteer Center (CAB) since June 2019 and I can only note the undeniable generosity of all the volunteers who work in the service of the community of Deux-Montagnes \/ Mirabel. South. Of course, these volunteers are supported by a team of dedicated, loyal employees who are committed to providing the best possible service to all of our beneficiaries. <\/p>\n\n\n\n<p class=\"has-black-color has-text-color has-normal-font-size\">Mon r\u00f4le est donc de les encourager, de les outiller et de mettre mes comp\u00e9tences au profit de ce fabuleux organisme qu&rsquo;est le CAB et ce depuis pr\u00e8s de 45 ans ! <\/p>\n\n\n\n<p class=\"has-black-color has-text-color has-normal-font-size\">Je suis tr\u00e8s fi\u00e8re de faire partie de cette grande famille d&rsquo;Artisans.<\/p>\n\n\n\n<p><strong>Jos\u00e9e Perrier<\/strong><\/p>\n\n\n\n<p><a href=\"mailto:jperrier@cabartisans.org\">Contact me<\/a><\/p>\n<\/div><\/div>\n\n\n\n<div style=\"height:65px\" aria-hidden=\"true\" class=\"wp-block-spacer\"><\/div>","protected":false},"excerpt":{"rendered":"<p>Je suis \u00e0 la barre du Centre d&rsquo;action b\u00e9n\u00e9vole les Artisans de l&rsquo;Aide (CAB) depuis juin 2019 et je ne peux que constater l\u2019incontestable g\u00e9n\u00e9rosit\u00e9 de tous les b\u00e9n\u00e9voles qui \u0153uvrent au service de la communaut\u00e9 de Deux-Montagnes\/Mirabel Sud. Bien entendu, ces b\u00e9n\u00e9voles sont support\u00e9s par une \u00e9quipe d\u2019employ\u00e9es d\u00e9vou\u00e9es, [&hellip;]<\/p>","protected":false},"author":1,"featured_media":0,"parent":0,"menu_order":0,"comment_status":"closed","ping_status":"closed","template":"","meta":{"_monsterinsights_skip_tracking":false,"_monsterinsights_sitenote_active":false,"_monsterinsights_sitenote_note":"","_monsterinsights_sitenote_category":0,"footnotes":""},"_links":{"self":[{"href":"https:\/\/cabartisans.org\/en\/wp-json\/wp\/v2\/pages\/30"}],"collection":[{"href":"https:\/\/cabartisans.org\/en\/wp-json\/wp\/v2\/pages"}],"about":[{"href":"https:\/\/cabartisans.org\/en\/wp-json\/wp\/v2\/types\/page"}],"author":[{"embeddable":true,"href":"https:\/\/cabartisans.org\/en\/wp-json\/wp\/v2\/users\/1"}],"replies":[{"embeddable":true,"href":"https:\/\/cabartisans.org\/en\/wp-json\/wp\/v2\/comments?post=30"}],"version-history":[{"count":43,"href":"https:\/\/cabartisans.org\/en\/wp-json\/wp\/v2\/pages\/30\/revisions"}],"predecessor-version":[{"id":1652,"href":"https:\/\/cabartisans.org\/en\/wp-json\/wp\/v2\/pages\/30\/revisions\/1652"}],"wp:attachment":[{"href":"https:\/\/cabartisans.org\/en\/wp-json\/wp\/v2\/media?parent=30"}],"curies":[{"name":"wp","href":"https:\/\/api.w.org\/{rel}","templated":true}]}}