{"id":26,"date":"2020-09-21T09:22:37","date_gmt":"2020-09-21T13:22:37","guid":{"rendered":"https:\/\/cabartisans.org\/?page_id=26"},"modified":"2022-07-27T13:34:10","modified_gmt":"2022-07-27T17:34:10","slug":"accueil","status":"publish","type":"page","link":"https:\/\/cabartisans.org\/en\/","title":{"rendered":"Home"},"content":{"rendered":"<div class=\"wp-block-group is-layout-flow wp-block-group-is-layout-flow\"><div class=\"wp-block-group__inner-container\">\n<p class=\"has-text-align-center\"><\/p>\n\n\n\n<p class=\"has-text-align-center has-black-color has-text-color has-medium-font-size\"><strong>Inestimable wealth, volunteers are at the heart of our mission.<\/strong><br><br>Volunteering is an act of exchange, an act of life and social development based on civic action, the desire to create links and based on the values \u200b\u200bof gratuity and responsibility. It is influenced by the causes and the environments in which it operates and acts. Volunteers live an experience and their contribution goes beyond the task accomplished.<br><br>Developing contemporary volunteering means ensuring this experience and affirming the specificity of the contribution of volunteers.<\/p>\n<\/div><\/div>\n\n\n\n<div class=\"wp-block-buttons is-horizontal is-content-justification-center is-layout-flex wp-container-core-buttons-layout-1 wp-block-buttons-is-layout-flex\">\n<div class=\"wp-block-button\"><a class=\"wp-block-button__link has-white-color has-text-color has-background\" href=\"https:\/\/checkout.square.site\/merchant\/TCQBA5SFEWB94\/checkout\/NBPIJPFEEKSMNABVB4ZKBB2K\" style=\"background-color:#10a82e\" target=\"_blank\" rel=\"noreferrer noopener\">MAKE A DONATION<\/a><\/div>\n<\/div>\n\n\n\n<p> <\/p>\n\n\n\n<p>  <\/p>\n\n\n<div class=\"strong-view strong-view-id-1 modern wpmtst-modern slider-container slider-mode-fade slider-adaptive controls-type-sides controls-style-buttons\" data-count=\"0\" data-slider-var=\"strong_slider_id_1\" data-state=\"idle\"><div class=\"strong-content wpmslider-content\"><\/div><\/div>","protected":false},"excerpt":{"rendered":"<p>Richesse inestimable, les b\u00e9n\u00e9voles sont au c\u0153ur de notre mission. Le b\u00e9n\u00e9volat est un acte d\u2019\u00e9change, un acte de vie et de d\u00e9veloppement social bas\u00e9 sur l&rsquo;action citoyenne, la volont\u00e9 de cr\u00e9er des liens et fond\u00e9 sur des valeurs de gratuit\u00e9 et de responsabilit\u00e9. Il est influenc\u00e9 par les causes [&hellip;]<\/p>","protected":false},"author":1,"featured_media":0,"parent":0,"menu_order":0,"comment_status":"closed","ping_status":"closed","template":"","meta":{"_monsterinsights_skip_tracking":false,"_monsterinsights_sitenote_active":false,"_monsterinsights_sitenote_note":"","_monsterinsights_sitenote_category":0,"footnotes":""},"_links":{"self":[{"href":"https:\/\/cabartisans.org\/en\/wp-json\/wp\/v2\/pages\/26"}],"collection":[{"href":"https:\/\/cabartisans.org\/en\/wp-json\/wp\/v2\/pages"}],"about":[{"href":"https:\/\/cabartisans.org\/en\/wp-json\/wp\/v2\/types\/page"}],"author":[{"embeddable":true,"href":"https:\/\/cabartisans.org\/en\/wp-json\/wp\/v2\/users\/1"}],"replies":[{"embeddable":true,"href":"https:\/\/cabartisans.org\/en\/wp-json\/wp\/v2\/comments?post=26"}],"version-history":[{"count":46,"href":"https:\/\/cabartisans.org\/en\/wp-json\/wp\/v2\/pages\/26\/revisions"}],"predecessor-version":[{"id":1424,"href":"https:\/\/cabartisans.org\/en\/wp-json\/wp\/v2\/pages\/26\/revisions\/1424"}],"wp:attachment":[{"href":"https:\/\/cabartisans.org\/en\/wp-json\/wp\/v2\/media?parent=26"}],"curies":[{"name":"wp","href":"https:\/\/api.w.org\/{rel}","templated":true}]}}