{"id":1606,"date":"2024-03-19T13:09:58","date_gmt":"2024-03-19T17:09:58","guid":{"rendered":"https:\/\/cabartisans.org\/?page_id=1606"},"modified":"2026-02-10T11:34:58","modified_gmt":"2026-02-10T16:34:58","slug":"voici-nos-differents-formulaires","status":"publish","type":"page","link":"https:\/\/cabartisans.org\/en\/voici-nos-differents-formulaires\/","title":{"rendered":"Voici nos diff\u00e9rents formulaires"},"content":{"rendered":"<p><a href=\"https:\/\/cabartisans.org\/wp-content\/uploads\/2025\/07\/Popote_roulante.docx\">Meals on Wheels<\/a><\/p>\n\n\n\n<p><a href=\"https:\/\/cabartisans.org\/wp-content\/uploads\/2024\/03\/accompagnement_transport.pdf\" target=\"_blank\" rel=\"noreferrer noopener\">Transport support<\/a><\/p>\n\n\n\n<p><a href=\"https:\/\/cabartisans.org\/wp-content\/uploads\/2024\/03\/diner_communautaire.pdf\" target=\"_blank\" rel=\"noreferrer noopener\">Community dinner<\/a><\/p>\n\n\n\n<p><a href=\"https:\/\/cabartisans.org\/wp-content\/uploads\/2024\/03\/aide_formulaire.pdf\" target=\"_blank\" rel=\"noreferrer noopener\">Help with forms<\/a><\/p>\n\n\n\n<p><a href=\"https:\/\/cabartisans.org\/wp-content\/uploads\/2024\/03\/visite_appel_courtoisie-002.pdf\" target=\"_blank\" rel=\"noreferrer noopener\">Cha\u00eene des ain\u00e9s &#8211; Visites et appels de courtoisie<\/a><\/p>\n\n\n\n<p><a href=\"https:\/\/cabartisans.org\/wp-content\/uploads\/2026\/02\/CES_pour-PDF.docx\" target=\"_blank\" rel=\"noreferrer noopener\">Programme Ch\u00e8que Emploi Service (CES)<\/a><\/p>\n\n\n\n<p><a href=\"https:\/\/cabartisans.org\/wp-content\/uploads\/2024\/03\/aine_vulnerable.pdf\" target=\"_blank\" rel=\"noreferrer noopener\">Aide pour un a\u00een\u00e9 vuln\u00e9rable<\/a><\/p>\n\n\n\n<p><a href=\"https:\/\/cabartisans.org\/wp-content\/uploads\/2024\/03\/PAA.pdf\" target=\"_blank\" rel=\"noreferrer noopener\">Aide aux proches aidants<\/a><\/p>","protected":false},"excerpt":{"rendered":"<p>Popote roulante Accompagnement-transport D\u00eener communautaire Aide aux formulaires Cha\u00eene des ain\u00e9s &#8211; Visites et appels de courtoisie Programme Ch\u00e8que Emploi Service (CES) Aide pour un a\u00een\u00e9 vuln\u00e9rable Aide aux proches aidants<\/p>","protected":false},"author":3,"featured_media":0,"parent":0,"menu_order":0,"comment_status":"closed","ping_status":"closed","template":"","meta":{"_monsterinsights_skip_tracking":false,"_monsterinsights_sitenote_active":false,"_monsterinsights_sitenote_note":"","_monsterinsights_sitenote_category":0,"footnotes":""},"_links":{"self":[{"href":"https:\/\/cabartisans.org\/en\/wp-json\/wp\/v2\/pages\/1606"}],"collection":[{"href":"https:\/\/cabartisans.org\/en\/wp-json\/wp\/v2\/pages"}],"about":[{"href":"https:\/\/cabartisans.org\/en\/wp-json\/wp\/v2\/types\/page"}],"author":[{"embeddable":true,"href":"https:\/\/cabartisans.org\/en\/wp-json\/wp\/v2\/users\/3"}],"replies":[{"embeddable":true,"href":"https:\/\/cabartisans.org\/en\/wp-json\/wp\/v2\/comments?post=1606"}],"version-history":[{"count":10,"href":"https:\/\/cabartisans.org\/en\/wp-json\/wp\/v2\/pages\/1606\/revisions"}],"predecessor-version":[{"id":1758,"href":"https:\/\/cabartisans.org\/en\/wp-json\/wp\/v2\/pages\/1606\/revisions\/1758"}],"wp:attachment":[{"href":"https:\/\/cabartisans.org\/en\/wp-json\/wp\/v2\/media?parent=1606"}],"curies":[{"name":"wp","href":"https:\/\/api.w.org\/{rel}","templated":true}]}}