{"id":1568,"date":"2023-08-28T13:41:47","date_gmt":"2023-08-28T17:41:47","guid":{"rendered":"https:\/\/cabartisans.org\/?page_id=1568"},"modified":"2023-08-28T13:44:59","modified_gmt":"2023-08-28T17:44:59","slug":"la-rentree-2023","status":"publish","type":"page","link":"https:\/\/cabartisans.org\/en\/reconnaissance-benevoles\/la-rentree-2023\/","title":{"rendered":"La rentr\u00e9e 2023"},"content":{"rendered":"<figure class=\"wp-block-gallery has-nested-images columns-default is-cropped wp-block-gallery-1 is-layout-flex wp-block-gallery-is-layout-flex\">\n\n\n<figure class=\"wp-block-image size-large\"><img loading=\"lazy\" decoding=\"async\" width=\"940\" height=\"788\" data-id=\"1572\" src=\"https:\/\/cabartisans.org\/wp-content\/uploads\/2023\/08\/Merci-musicien.png\" alt=\"\" class=\"wp-image-1572\" srcset=\"https:\/\/cabartisans.org\/wp-content\/uploads\/2023\/08\/Merci-musicien.png 940w, https:\/\/cabartisans.org\/wp-content\/uploads\/2023\/08\/Merci-musicien-300x251.png 300w, https:\/\/cabartisans.org\/wp-content\/uploads\/2023\/08\/Merci-musicien-768x644.png 768w, https:\/\/cabartisans.org\/wp-content\/uploads\/2023\/08\/Merci-musicien-14x12.png 14w\" sizes=\"(max-width: 940px) 100vw, 940px\" \/><\/figure>\n\n\n\n<figure class=\"wp-block-image size-large\"><img loading=\"lazy\" decoding=\"async\" width=\"940\" height=\"788\" data-id=\"1573\" src=\"https:\/\/cabartisans.org\/wp-content\/uploads\/2023\/08\/Merci-presence-2.png\" alt=\"\" class=\"wp-image-1573\" srcset=\"https:\/\/cabartisans.org\/wp-content\/uploads\/2023\/08\/Merci-presence-2.png 940w, https:\/\/cabartisans.org\/wp-content\/uploads\/2023\/08\/Merci-presence-2-300x251.png 300w, https:\/\/cabartisans.org\/wp-content\/uploads\/2023\/08\/Merci-presence-2-768x644.png 768w, https:\/\/cabartisans.org\/wp-content\/uploads\/2023\/08\/Merci-presence-2-14x12.png 14w\" sizes=\"(max-width: 940px) 100vw, 940px\" \/><\/figure>\n\n\n\n<figure class=\"wp-block-image size-large\"><img loading=\"lazy\" decoding=\"async\" width=\"940\" height=\"788\" data-id=\"1570\" src=\"https:\/\/cabartisans.org\/wp-content\/uploads\/2023\/08\/Merci-presence.png\" alt=\"\" class=\"wp-image-1570\" srcset=\"https:\/\/cabartisans.org\/wp-content\/uploads\/2023\/08\/Merci-presence.png 940w, https:\/\/cabartisans.org\/wp-content\/uploads\/2023\/08\/Merci-presence-300x251.png 300w, https:\/\/cabartisans.org\/wp-content\/uploads\/2023\/08\/Merci-presence-768x644.png 768w, https:\/\/cabartisans.org\/wp-content\/uploads\/2023\/08\/Merci-presence-14x12.png 14w\" sizes=\"(max-width: 940px) 100vw, 940px\" \/><\/figure>\n\n\n<figcaption class=\"blocks-gallery-caption\">Le 17 ao\u00fbt 2023, \u00e0 la Cabane \u00e0 sucre Renaud avait lieu notre 4 \u00e0 7 bl\u00e9 d&rsquo;inde et hot dog. Il faisait chaud mais de toute fa\u00e7on nous sommes des gens chaleureux \ud83d\ude42<\/figcaption><\/figure>","protected":false},"excerpt":{"rendered":"","protected":false},"author":3,"featured_media":0,"parent":103,"menu_order":1,"comment_status":"closed","ping_status":"closed","template":"","meta":{"_monsterinsights_skip_tracking":false,"_monsterinsights_sitenote_active":false,"_monsterinsights_sitenote_note":"","_monsterinsights_sitenote_category":0,"footnotes":""},"_links":{"self":[{"href":"https:\/\/cabartisans.org\/en\/wp-json\/wp\/v2\/pages\/1568"}],"collection":[{"href":"https:\/\/cabartisans.org\/en\/wp-json\/wp\/v2\/pages"}],"about":[{"href":"https:\/\/cabartisans.org\/en\/wp-json\/wp\/v2\/types\/page"}],"author":[{"embeddable":true,"href":"https:\/\/cabartisans.org\/en\/wp-json\/wp\/v2\/users\/3"}],"replies":[{"embeddable":true,"href":"https:\/\/cabartisans.org\/en\/wp-json\/wp\/v2\/comments?post=1568"}],"version-history":[{"count":1,"href":"https:\/\/cabartisans.org\/en\/wp-json\/wp\/v2\/pages\/1568\/revisions"}],"predecessor-version":[{"id":1574,"href":"https:\/\/cabartisans.org\/en\/wp-json\/wp\/v2\/pages\/1568\/revisions\/1574"}],"up":[{"embeddable":true,"href":"https:\/\/cabartisans.org\/en\/wp-json\/wp\/v2\/pages\/103"}],"wp:attachment":[{"href":"https:\/\/cabartisans.org\/en\/wp-json\/wp\/v2\/media?parent=1568"}],"curies":[{"name":"wp","href":"https:\/\/api.w.org\/{rel}","templated":true}]}}