{"id":1558,"date":"2023-07-04T14:00:25","date_gmt":"2023-07-04T18:00:25","guid":{"rendered":"https:\/\/cabartisans.org\/?page_id=1558"},"modified":"2024-03-19T11:45:14","modified_gmt":"2024-03-19T15:45:14","slug":"loi-sur-la-protection-des-renseignements-personnels-dans-le-secteur-prive-07","status":"publish","type":"page","link":"https:\/\/cabartisans.org\/en\/loi-sur-la-protection-des-renseignements-personnels-dans-le-secteur-prive-07\/","title":{"rendered":"Loi sur la protection des renseignements personnels dans le secteur priv\u00e9"},"content":{"rendered":"<p style=\"text-align: justify;\">Afin de se conformer aux dispositions de la <em>Loi sur la protection des renseignements personnels dans le secteur priv\u00e9<\/em>, CQLR c P-39.1 (la \u00ab\u00a0<strong>Loi sur le secteur priv\u00e9<\/strong>\u00a0\u00bb) et de la <em>Loi modernisant des dispositions l\u00e9gislatives en mati\u00e8re de protection des renseignements personnels<\/em>, SQ 2021, c 25 (la \u00ab\u00a0<strong>Loi 25<\/strong>\u00a0\u00bb, sanctionn\u00e9e le 22 septembre 2021) [<strong>le cas \u00e9ch\u00e9ant<\/strong>\u00a0: et du r\u00e8glement g\u00e9n\u00e9ral de l\u2019UE sur la protection des donn\u00e9es (\u00ab\u00a0<strong>RGPD<\/strong>\u00a0\u00bb) et d\u2019assurer la conformit\u00e9 continue de toutes les activit\u00e9s de base pour le <em>Centre d\u2019action b\u00e9n\u00e9vole les Artisans de l\u2019Aide<\/em>, il a \u00e9t\u00e9 d\u00e9cid\u00e9 que la fonction de responsable \u00e0 la protection des renseignements personnels serait cr\u00e9\u00e9e.<o:p><\/o:p><\/p>\n<!-- \/wp:paragraph --><!-- wp:paragraph -->\n<p style=\"text-align: justify;\">Le responsable de la protection des renseignements personnels (\u00ab\u00a0<strong>DPO<\/strong>\u00a0\u00bb) est charg\u00e9 d\u2019assurer la conformit\u00e9 globale de la Loi sur le secteur priv\u00e9 et des dispositions de la Loi 25 [<strong>le cas \u00e9ch\u00e9ant<\/strong>\u00a0: et au RGPD] pour toutes les activit\u00e9s de traitement des donn\u00e9es personnelles du <em>Centre d\u2019action b\u00e9n\u00e9vole les Artisans de l\u2019Aide.<\/em><o:p><\/o:p><\/p>\n<!-- \/wp:paragraph --><!-- wp:paragraph -->\n<p style=\"text-align: justify;\"><strong>Responsable<\/strong>: Yanina Tremblay<o:p><\/o:p><\/p>\n<!-- \/wp:paragraph --><!-- wp:paragraph -->\n<p style=\"text-align: justify;\"><em><b>Titre<\/b>: Responsable des services communautaires <\/em>et administratifs<o:p><\/o:p><\/p>\n<!-- \/wp:paragraph --><!-- wp:paragraph -->\n<p style=\"text-align: justify;\"><em><b>Coordonn\u00e9es<\/b>: <a href=\"mailto:ytremblay@cabartisans.org\">ytremblay@cabartisans.org<\/a><\/em> 450 472-9540 poste 223<o:p><\/o:p><\/p>\nVoir notre <a href=\"https:\/\/cabartisans.org\/wp-content\/uploads\/2024\/03\/Politique-de-confidentialite.pdf\" target=\"_blank\" rel=\"noopener\">politique de confidentialit\u00e9<\/a>\n\n<!-- \/wp:paragraph -->","protected":false},"excerpt":{"rendered":"<p>Afin de se conformer aux dispositions de la Loi sur la protection des renseignements personnels dans le secteur priv\u00e9, CQLR c P-39.1 (la \u00ab\u00a0Loi sur le secteur priv\u00e9\u00a0\u00bb) et de la Loi modernisant des dispositions l\u00e9gislatives en mati\u00e8re de protection des renseignements personnels, SQ 2021, c 25 (la \u00ab\u00a0Loi 25\u00a0\u00bb, [&hellip;]<\/p>","protected":false},"author":3,"featured_media":0,"parent":0,"menu_order":4,"comment_status":"closed","ping_status":"closed","template":"","meta":{"_monsterinsights_skip_tracking":false,"_monsterinsights_sitenote_active":false,"_monsterinsights_sitenote_note":"","_monsterinsights_sitenote_category":0,"footnotes":""},"_links":{"self":[{"href":"https:\/\/cabartisans.org\/en\/wp-json\/wp\/v2\/pages\/1558"}],"collection":[{"href":"https:\/\/cabartisans.org\/en\/wp-json\/wp\/v2\/pages"}],"about":[{"href":"https:\/\/cabartisans.org\/en\/wp-json\/wp\/v2\/types\/page"}],"author":[{"embeddable":true,"href":"https:\/\/cabartisans.org\/en\/wp-json\/wp\/v2\/users\/3"}],"replies":[{"embeddable":true,"href":"https:\/\/cabartisans.org\/en\/wp-json\/wp\/v2\/comments?post=1558"}],"version-history":[{"count":4,"href":"https:\/\/cabartisans.org\/en\/wp-json\/wp\/v2\/pages\/1558\/revisions"}],"predecessor-version":[{"id":1604,"href":"https:\/\/cabartisans.org\/en\/wp-json\/wp\/v2\/pages\/1558\/revisions\/1604"}],"wp:attachment":[{"href":"https:\/\/cabartisans.org\/en\/wp-json\/wp\/v2\/media?parent=1558"}],"curies":[{"name":"wp","href":"https:\/\/api.w.org\/{rel}","templated":true}]}}