{"id":1260,"date":"2022-02-28T14:47:10","date_gmt":"2022-02-28T19:47:10","guid":{"rendered":"https:\/\/cabartisans.org\/?page_id=1260"},"modified":"2022-02-28T15:39:44","modified_gmt":"2022-02-28T20:39:44","slug":"mission-valeurs-et-objectifs","status":"publish","type":"page","link":"https:\/\/cabartisans.org\/en\/mission-valeurs-et-objectifs\/","title":{"rendered":"Mission, valeurs et objectifs"},"content":{"rendered":"<p><strong>MISSION<\/strong><\/p>\n\n\n\n<p>La mission du <em>CAB Les Artisans de l\u2019Aide<\/em> est de promouvoir et de d\u00e9velopper un b\u00e9n\u00e9volat de qualit\u00e9 dans une perspective d\u2019entraide communautaire. Par l\u2019entremise de nos services et de nos activit\u00e9s, nous participons activement \u00e0 l\u2019am\u00e9lioration de la qualit\u00e9 de vie individuelle et collective. Nous favorisons l\u2019autonomie et le maintien des a\u00een\u00e9s dans leur milieu ainsi que le d\u00e9veloppement et l\u2019int\u00e9gration des diff\u00e9rents groupes dans la communaut\u00e9.<\/p>\n\n\n\n<p><strong>NOS VALEURS<\/strong><\/p>\n\n\n\n<p>L\u2019ensemble du personnel et des b\u00e9n\u00e9voles unissent leurs efforts pour le mieux-\u00eatre de la client\u00e8le sous des valeurs de partage, d\u2019entraide, de respect, d\u2019engagement et d\u2019ouverture.<\/p>\n\n\n\n<p><strong>OBJECTIFS<\/strong><\/p>\n\n\n\n<ul><li>Promouvoir, d\u00e9velopper et souligner l&rsquo;action b\u00e9n\u00e9vole<\/li><li>Orienter, former, encadrer et favoriser le d\u00e9veloppement personnel et social des b\u00e9n\u00e9voles<\/li><li>Participer \u00e0 l&rsquo;am\u00e9lioration de la qualit\u00e9 de vie individuelle et collective en autre avec le <em>Carrefour 50+<\/em> qui propose des activit\u00e9s sociales, sportives et culturelles au 55 ans et plus afin de les inciter \u00e0 bouger et \u00e0 rester actifs.<\/li><li>D\u00e9velopper des services r\u00e9pondant aux besoins des individus pour am\u00e9liorer leur mieux-\u00eatre<\/li><li>Offrir des services de soutien \u00e0 domicile aux personnes adultes en perte d\u2019autonomie, tel que l\u2019accompagnement-transport ou \u00e9picerie, la popote roulante, le d\u00eener communautaire, les appels et visites amicales ainsi que les services psychosociaux aux a\u00een\u00e9s vuln\u00e9rables et aux proches aidants d\u2019a\u00een\u00e9s.<\/li><li>Soutenir les organismes du milieu<\/li><\/ul>","protected":false},"excerpt":{"rendered":"<p>MISSION La mission du CAB Les Artisans de l\u2019Aide est de promouvoir et de d\u00e9velopper un b\u00e9n\u00e9volat de qualit\u00e9 dans une perspective d\u2019entraide communautaire. Par l\u2019entremise de nos services et de nos activit\u00e9s, nous participons activement \u00e0 l\u2019am\u00e9lioration de la qualit\u00e9 de vie individuelle et collective. Nous favorisons l\u2019autonomie et [&hellip;]<\/p>","protected":false},"author":3,"featured_media":0,"parent":0,"menu_order":0,"comment_status":"closed","ping_status":"closed","template":"","meta":{"_monsterinsights_skip_tracking":false,"_monsterinsights_sitenote_active":false,"_monsterinsights_sitenote_note":"","_monsterinsights_sitenote_category":0,"footnotes":""},"_links":{"self":[{"href":"https:\/\/cabartisans.org\/en\/wp-json\/wp\/v2\/pages\/1260"}],"collection":[{"href":"https:\/\/cabartisans.org\/en\/wp-json\/wp\/v2\/pages"}],"about":[{"href":"https:\/\/cabartisans.org\/en\/wp-json\/wp\/v2\/types\/page"}],"author":[{"embeddable":true,"href":"https:\/\/cabartisans.org\/en\/wp-json\/wp\/v2\/users\/3"}],"replies":[{"embeddable":true,"href":"https:\/\/cabartisans.org\/en\/wp-json\/wp\/v2\/comments?post=1260"}],"version-history":[{"count":1,"href":"https:\/\/cabartisans.org\/en\/wp-json\/wp\/v2\/pages\/1260\/revisions"}],"predecessor-version":[{"id":1261,"href":"https:\/\/cabartisans.org\/en\/wp-json\/wp\/v2\/pages\/1260\/revisions\/1261"}],"wp:attachment":[{"href":"https:\/\/cabartisans.org\/en\/wp-json\/wp\/v2\/media?parent=1260"}],"curies":[{"name":"wp","href":"https:\/\/api.w.org\/{rel}","templated":true}]}}