{"id":110,"date":"2020-08-05T12:46:00","date_gmt":"2020-08-05T16:46:00","guid":{"rendered":"https:\/\/cabartisans.org\/?page_id=110"},"modified":"2020-09-02T10:00:54","modified_gmt":"2020-09-02T14:00:54","slug":"contact","status":"publish","type":"page","link":"https:\/\/cabartisans.org\/en\/contact\/","title":{"rendered":"Contact"},"content":{"rendered":"<div role=\"form\" class=\"wpcf7\" id=\"wpcf7-f485-o1\" lang=\"en-US\" dir=\"ltr\">\n<div class=\"screen-reader-response\"><p role=\"status\" aria-live=\"polite\" aria-atomic=\"true\"><\/p> <ul><\/ul><\/div>\n<form action=\"\/en\/wp-json\/wp\/v2\/pages\/110#wpcf7-f485-o1\" method=\"post\" class=\"wpcf7-form init\" novalidate=\"novalidate\" data-status=\"init\" data-trp-original-action=\"\/en\/wp-json\/wp\/v2\/pages\/110#wpcf7-f485-o1\">\n<div style=\"display: none;\">\n<input type=\"hidden\" name=\"_wpcf7\" value=\"485\" \/>\n<input type=\"hidden\" name=\"_wpcf7_version\" value=\"5.5.6\" \/>\n<input type=\"hidden\" name=\"_wpcf7_locale\" value=\"en_US\" \/>\n<input type=\"hidden\" name=\"_wpcf7_unit_tag\" value=\"wpcf7-f485-o1\" \/>\n<input type=\"hidden\" name=\"_wpcf7_container_post\" value=\"0\" \/>\n<input type=\"hidden\" name=\"_wpcf7_posted_data_hash\" value=\"\" \/>\n<input type=\"hidden\" name=\"_wpcf7_recaptcha_response\" value=\"\" \/>\n<\/div>\n<link rel=\"stylesheet\" href=\"https:\/\/cabartisans.org\/wp-content\/plugins\/pdf-forms-for-contact-form-7\/css\/frontend.css\" \/><script type=\"text\/javascript\" src=\"https:\/\/cabartisans.org\/wp-content\/plugins\/pdf-forms-for-contact-form-7\/js\/frontend.js?ver=2.2.5\"><\/script><p><label> Select a contact (required)<br \/>\n    <span class=\"wpcf7-form-control-wrap menu-711\"><select name=\"menu-711\" class=\"wpcf7-form-control wpcf7-select wpcf7-validates-as-required\" aria-required=\"true\" aria-invalid=\"false\"><option value=\"Informations g\u00e9n\u00e9rales\">General informations<\/option><option value=\"Lefebvre, Annie - Carrefour50+\">Lefebvre, Annie - Carrefour50+<\/option><option value=\"Abel, C\u00e9cile - Proche aidant\">Abel, C\u00e9cile - Proche aidant<\/option><option value=\"Lapointe, Maryse - Acc-transport et Cha\u00eene des a\u00een\u00e9s\">Lapointe, Maryse - Acc-transport et Cha\u00eene des a\u00een\u00e9s<\/option><option value=\"Martineau, H\u00e9l\u00e8ne - Soutien aux a\u00een\u00e9s\">Martineau, H\u00e9l\u00e8ne - Support for seniors<\/option><option value=\"Perrier, Jos\u00e9e - Direction\">Perrier, Jos\u00e9e - Management<\/option><option value=\"Tremblay, Yanina - Responsable services communautaires\">Tremblay, Yanina - Responsable services communautaires<\/option><option value=\"Lajoie, M\u00e9lanie - Programme CES\">Lajoie, M\u00e9lanie - Programme CES<\/option><option value=\"Lefebvre, Manon - Coordonnatrice action b\u00e9n\u00e9nole\">Lefebvre, Manon - Coordonnatrice action b\u00e9n\u00e9nole<\/option><\/select><\/span><\/label><\/p>\n<p><label> Name (required)<br \/>\n    <span class=\"wpcf7-form-control-wrap Nom\"><input type=\"text\" name=\"Nom\" value=\"\" size=\"40\" class=\"wpcf7-form-control wpcf7-text wpcf7-validates-as-required\" aria-required=\"true\" aria-invalid=\"false\" placeholder=\"Your name\" \/><\/span><\/label><\/p>\n<p><label> Email (required)<br \/>\n    <span class=\"wpcf7-form-control-wrap Email\"><input type=\"email\" name=\"Email\" value=\"\" size=\"40\" class=\"wpcf7-form-control wpcf7-text wpcf7-email wpcf7-validates-as-required wpcf7-validates-as-email\" aria-required=\"true\" aria-invalid=\"false\" placeholder=\"Your email\" \/><\/span><\/label><\/p>\n<p><label> Subject (required)<br \/>\n    <span class=\"wpcf7-form-control-wrap Sujet\"><input type=\"text\" name=\"Sujet\" value=\"\" size=\"40\" class=\"wpcf7-form-control wpcf7-text wpcf7-validates-as-required\" aria-required=\"true\" aria-invalid=\"false\" placeholder=\"The subject\" \/><\/span><\/label><\/p>\n<p><label> Your message (required)<br \/>\n    <span class=\"wpcf7-form-control-wrap Message\"><textarea name=\"Message\" cols=\"40\" rows=\"10\" class=\"wpcf7-form-control wpcf7-textarea wpcf7-validates-as-required\" aria-required=\"true\" aria-invalid=\"false\" placeholder=\"Your message\"><\/textarea><\/span><\/label><\/p>\n<span class=\"wpcf7-form-control-wrap recaptcha\" data-name=\"recaptcha\"><span data-sitekey=\"6LdPhtEZAAAAAPbLAy3YeFoFrxu2J7FwwJtFB3OE\" class=\"wpcf7-form-control g-recaptcha wpcf7-recaptcha\"><\/span>\r\n<noscript>\r\n\t<div class=\"grecaptcha-noscript\">\r\n\t\t<iframe loading=\"lazy\" src=\"https:\/\/www.google.com\/recaptcha\/api\/fallback?k=6LdPhtEZAAAAAPbLAy3YeFoFrxu2J7FwwJtFB3OE\" frameborder=\"0\" scrolling=\"no\" width=\"310\" height=\"430\">\r\n\t\t<\/iframe>\r\n\t\t<textarea name=\"g-recaptcha-response\" rows=\"3\" cols=\"40\" placeholder=\"reCaptcha Response Here\">\r\n\t\t<\/textarea>\r\n\t<\/div>\r\n<\/noscript>\r\n<\/span>\n<p><input type=\"submit\" value=\"Send\" class=\"wpcf7-form-control has-spinner wpcf7-submit\" \/><\/p>\n<div class=\"wpcf7-response-output\" aria-hidden=\"true\"><\/div><input type=\"hidden\" name=\"trp-form-language\" value=\"en\"\/><\/form><\/div>\n\n\n\n<div style=\"height:65px\" aria-hidden=\"true\" class=\"wp-block-spacer\"><\/div>","protected":false},"excerpt":{"rendered":"","protected":false},"author":1,"featured_media":0,"parent":0,"menu_order":0,"comment_status":"closed","ping_status":"closed","template":"","meta":{"_monsterinsights_skip_tracking":false,"_monsterinsights_sitenote_active":false,"_monsterinsights_sitenote_note":"","_monsterinsights_sitenote_category":0,"footnotes":""},"_links":{"self":[{"href":"https:\/\/cabartisans.org\/en\/wp-json\/wp\/v2\/pages\/110"}],"collection":[{"href":"https:\/\/cabartisans.org\/en\/wp-json\/wp\/v2\/pages"}],"about":[{"href":"https:\/\/cabartisans.org\/en\/wp-json\/wp\/v2\/types\/page"}],"author":[{"embeddable":true,"href":"https:\/\/cabartisans.org\/en\/wp-json\/wp\/v2\/users\/1"}],"replies":[{"embeddable":true,"href":"https:\/\/cabartisans.org\/en\/wp-json\/wp\/v2\/comments?post=110"}],"version-history":[{"count":3,"href":"https:\/\/cabartisans.org\/en\/wp-json\/wp\/v2\/pages\/110\/revisions"}],"predecessor-version":[{"id":1125,"href":"https:\/\/cabartisans.org\/en\/wp-json\/wp\/v2\/pages\/110\/revisions\/1125"}],"wp:attachment":[{"href":"https:\/\/cabartisans.org\/en\/wp-json\/wp\/v2\/media?parent=110"}],"curies":[{"name":"wp","href":"https:\/\/api.w.org\/{rel}","templated":true}]}}