{"id":1093,"date":"2022-01-14T11:08:43","date_gmt":"2022-01-14T16:08:43","guid":{"rendered":"https:\/\/cabartisans.org\/?page_id=1093"},"modified":"2022-02-14T15:31:55","modified_gmt":"2022-02-14T20:31:55","slug":"devenir-benevole-2","status":"publish","type":"page","link":"https:\/\/cabartisans.org\/en\/devenir-benevole-2\/","title":{"rendered":"Je veux \u00eatre b\u00e9n\u00e9vole"},"content":{"rendered":"<iframe allowtransparency=\"true\" src=\"https:\/\/form.jotform.com\/220125482040239\" frameborder=\"0\" style=\"width:100%; height:800px; border:none;\" scrolling=\"yes\">\n<\/iframe>\n\n\n\n<p><\/p>","protected":false},"excerpt":{"rendered":"","protected":false},"author":3,"featured_media":0,"parent":0,"menu_order":0,"comment_status":"closed","ping_status":"closed","template":"page-templates\/template-pagebuilder-full-width.php","meta":{"_monsterinsights_skip_tracking":false,"_monsterinsights_sitenote_active":false,"_monsterinsights_sitenote_note":"","_monsterinsights_sitenote_category":0,"footnotes":""},"_links":{"self":[{"href":"https:\/\/cabartisans.org\/en\/wp-json\/wp\/v2\/pages\/1093"}],"collection":[{"href":"https:\/\/cabartisans.org\/en\/wp-json\/wp\/v2\/pages"}],"about":[{"href":"https:\/\/cabartisans.org\/en\/wp-json\/wp\/v2\/types\/page"}],"author":[{"embeddable":true,"href":"https:\/\/cabartisans.org\/en\/wp-json\/wp\/v2\/users\/3"}],"replies":[{"embeddable":true,"href":"https:\/\/cabartisans.org\/en\/wp-json\/wp\/v2\/comments?post=1093"}],"version-history":[{"count":34,"href":"https:\/\/cabartisans.org\/en\/wp-json\/wp\/v2\/pages\/1093\/revisions"}],"predecessor-version":[{"id":1188,"href":"https:\/\/cabartisans.org\/en\/wp-json\/wp\/v2\/pages\/1093\/revisions\/1188"}],"wp:attachment":[{"href":"https:\/\/cabartisans.org\/en\/wp-json\/wp\/v2\/media?parent=1093"}],"curies":[{"name":"wp","href":"https:\/\/api.w.org\/{rel}","templated":true}]}}