{"id":105,"date":"2020-08-05T12:46:00","date_gmt":"2020-08-05T16:46:00","guid":{"rendered":"https:\/\/cabartisans.org\/?page_id=105"},"modified":"2025-08-08T10:51:35","modified_gmt":"2025-08-08T14:51:35","slug":"nos-partenaires","status":"publish","type":"page","link":"https:\/\/cabartisans.org\/en\/nos-partenaires\/","title":{"rendered":"Our partners"},"content":{"rendered":"<p class=\"has-black-color has-text-color\">The <strong>Centre d\u2019action b\u00e9n\u00e9vole Les Artisans de l\u2019Aide <\/strong>wishes to thank its partners who will allow it to improve the quality of life of seniors in the MRC Deux-Montagnes and in the South of Mirabel.<\/p>\n\n\n\n<p class=\"has-black-color has-text-color\">List of partners:<\/p>\n\n\n\n<div class=\"wp-block-group is-layout-constrained wp-block-group-is-layout-constrained\"><div class=\"wp-block-group__inner-container\">\n<div class=\"wp-block-group is-layout-constrained wp-block-group-is-layout-constrained\"><div class=\"wp-block-group__inner-container\">\n<ul>\n<li><em>Caisse Desjardins de Saint-Eustache | Deux-Montagnes<\/em><\/li>\n\n\n\n<li><em>Ministry of Health and Social Services<\/em><\/li>\n\n\n\n<li><em>Ministry of Families and Seniors<\/em><\/li>\n\n\n\n<li><em>L\u2019Appui Laurentides<\/em><\/li>\n\n\n\n<li><em>Fondation Mirella et Lino Saputo<\/em><\/li>\n\n\n\n<li><em>Benoit Charrette, Deputy for Deux-Montagnes<\/em><\/li>\n\n\n\n<li><i>Sylvie D&rsquo;Amours, D\u00e9put\u00e9e de Mirabel<\/i><\/li>\n\n\n\n<li><em>IGA Lamoureux Market<\/em><\/li>\n\n\n\n<li><em>City of Saint-Eustache<\/em> <\/li>\n\n\n\n<li>CISSS des Laurentides<\/li>\n\n\n\n<li>Accord courtier en alimentation<\/li>\n\n\n\n<li>Programme de bienfaisance RBC<\/li>\n\n\n\n<li>Polaru Marine<\/li>\n\n\n\n<li>La L\u00e9gion Royale Canadienne Deux-Montagnes<\/li>\n\n\n\n<li>Horizon Femmes | Chevaliers de Colomb Saint-Eustache | Michel Jacques | Lucie Vaillancourt | Jacques Bourdages | Nicole Leduc | Eric Langlois | Gis\u00e8le Traversy<\/li>\n<\/ul>\n<\/div><\/div>\n<\/div><\/div>\n\n\n\n<p><\/p>\n\n\n\n<p><\/p>\n\n\n\n<div style=\"height:65px\" aria-hidden=\"true\" class=\"wp-block-spacer\"><\/div>\n\n\n\n<p><\/p>","protected":false},"excerpt":{"rendered":"<p>Le Centre d\u2019action b\u00e9n\u00e9vole Les Artisans de l\u2019Aide souhaite remercier ses partenaires qui lui permettre d\u2019am\u00e9liorer la qualit\u00e9 de vie des a\u00een\u00e9s de la MRC Deux-Montagnes et du Sud de Mirabel. Liste des partenaires:<\/p>","protected":false},"author":1,"featured_media":0,"parent":0,"menu_order":0,"comment_status":"closed","ping_status":"closed","template":"","meta":{"_monsterinsights_skip_tracking":false,"_monsterinsights_sitenote_active":false,"_monsterinsights_sitenote_note":"","_monsterinsights_sitenote_category":0,"footnotes":""},"_links":{"self":[{"href":"https:\/\/cabartisans.org\/en\/wp-json\/wp\/v2\/pages\/105"}],"collection":[{"href":"https:\/\/cabartisans.org\/en\/wp-json\/wp\/v2\/pages"}],"about":[{"href":"https:\/\/cabartisans.org\/en\/wp-json\/wp\/v2\/types\/page"}],"author":[{"embeddable":true,"href":"https:\/\/cabartisans.org\/en\/wp-json\/wp\/v2\/users\/1"}],"replies":[{"embeddable":true,"href":"https:\/\/cabartisans.org\/en\/wp-json\/wp\/v2\/comments?post=105"}],"version-history":[{"count":19,"href":"https:\/\/cabartisans.org\/en\/wp-json\/wp\/v2\/pages\/105\/revisions"}],"predecessor-version":[{"id":1731,"href":"https:\/\/cabartisans.org\/en\/wp-json\/wp\/v2\/pages\/105\/revisions\/1731"}],"wp:attachment":[{"href":"https:\/\/cabartisans.org\/en\/wp-json\/wp\/v2\/media?parent=105"}],"curies":[{"name":"wp","href":"https:\/\/api.w.org\/{rel}","templated":true}]}}