{"id":103,"date":"2020-08-05T12:45:59","date_gmt":"2020-08-05T16:45:59","guid":{"rendered":"https:\/\/cabartisans.org\/?page_id=103"},"modified":"2020-09-01T16:07:19","modified_gmt":"2020-09-01T20:07:19","slug":"reconnaissance-benevoles","status":"publish","type":"page","link":"https:\/\/cabartisans.org\/en\/reconnaissance-benevoles\/","title":{"rendered":"Volunteer recognition"},"content":{"rendered":"<p class=\"has-black-color has-text-color\">Recognition of volunteering actions is essential for the well-being and long-term commitment of volunteers and to ensure the sustainability of the organization!<\/p>\n\n\n\n<p class=\"has-black-color has-text-color\">Recognizing the contribution of its volunteers means:<\/p>\n\n\n\n<p class=\"has-text-align-center has-black-color has-text-color\"><em><strong>Attract new volunteers<\/strong><br><strong>Benefit from a contribution to the achievements of your organization<\/strong><br><strong>Retain volunteers<\/strong><br><strong>Foster the sense of accomplishment of volunteers<\/strong><\/em><\/p>\n\n\n\n<p class=\"has-black-color has-text-color\">Each year, the CAB plans opportunities to recognize its volunteers, we can think of the return of volunteers in August or the Christmas dinner but also the monthly draws and the presentation of certificates of loyal service.<\/p>\n\n\n\n<p class=\"has-black-color has-text-color\">Occasionally you will see, in this section, photos of these activities.<\/p>\n\n\n\n<div style=\"height:65px\" aria-hidden=\"true\" class=\"wp-block-spacer\"><\/div>","protected":false},"excerpt":{"rendered":"<p>La reconnaissance de l\u2019action b\u00e9n\u00e9vole est essentielle pour le bien-\u00eatre et l\u2019engagement \u00e0 long terme des b\u00e9n\u00e9voles et pour assurer la p\u00e9rennit\u00e9 de l\u2019organisme ! Reconna\u00eetre la contribution de ses b\u00e9n\u00e9voles, c\u2019est : Attirer de nouveaux b\u00e9n\u00e9volesB\u00e9n\u00e9ficier d\u2019un apport aux r\u00e9alisations de son organismeFid\u00e9liser les b\u00e9n\u00e9volesFavoriser le sentiment d\u2019accomplissement des [&hellip;]<\/p>","protected":false},"author":1,"featured_media":0,"parent":0,"menu_order":0,"comment_status":"closed","ping_status":"closed","template":"","meta":{"_monsterinsights_skip_tracking":false,"_monsterinsights_sitenote_active":false,"_monsterinsights_sitenote_note":"","_monsterinsights_sitenote_category":0,"footnotes":""},"_links":{"self":[{"href":"https:\/\/cabartisans.org\/en\/wp-json\/wp\/v2\/pages\/103"}],"collection":[{"href":"https:\/\/cabartisans.org\/en\/wp-json\/wp\/v2\/pages"}],"about":[{"href":"https:\/\/cabartisans.org\/en\/wp-json\/wp\/v2\/types\/page"}],"author":[{"embeddable":true,"href":"https:\/\/cabartisans.org\/en\/wp-json\/wp\/v2\/users\/1"}],"replies":[{"embeddable":true,"href":"https:\/\/cabartisans.org\/en\/wp-json\/wp\/v2\/comments?post=103"}],"version-history":[{"count":4,"href":"https:\/\/cabartisans.org\/en\/wp-json\/wp\/v2\/pages\/103\/revisions"}],"predecessor-version":[{"id":468,"href":"https:\/\/cabartisans.org\/en\/wp-json\/wp\/v2\/pages\/103\/revisions\/468"}],"wp:attachment":[{"href":"https:\/\/cabartisans.org\/en\/wp-json\/wp\/v2\/media?parent=103"}],"curies":[{"name":"wp","href":"https:\/\/api.w.org\/{rel}","templated":true}]}}